{"id":928,"date":"2014-04-08T15:51:08","date_gmt":"2014-04-08T13:51:08","guid":{"rendered":"http:\/\/www.simonis.co.at\/wordpress\/?page_id=928"},"modified":"2017-05-07T23:26:47","modified_gmt":"2017-05-07T21:26:47","slug":"suedtirol-corvara","status":"publish","type":"page","link":"https:\/\/www.simonis.co.at\/wordpress\/unsere-reisen\/suedtirol-corvara\/","title":{"rendered":"2014\/03 Corvara"},"content":{"rendered":"<figure id=\"attachment_1004\" aria-describedby=\"caption-attachment-1004\" style=\"width: 300px\" class=\"wp-caption alignnone\"><a href=\"https:\/\/www.simonis.co.at\/wordpress\/wp-content\/uploads\/P3210633.jpg\"><img loading=\"lazy\" decoding=\"async\" class=\"size-medium wp-image-1004\" src=\"https:\/\/www.simonis.co.at\/wordpress\/wp-content\/uploads\/P3210633-300x191.jpg\" alt=\"Das nennt sich Selfie!\" width=\"300\" height=\"191\" srcset=\"https:\/\/www.simonis.co.at\/wordpress\/wp-content\/uploads\/P3210633-300x191.jpg 300w, https:\/\/www.simonis.co.at\/wordpress\/wp-content\/uploads\/P3210633.jpg 761w\" sizes=\"auto, (max-width: 300px) 100vw, 300px\" \/><\/a><figcaption id=\"caption-attachment-1004\" class=\"wp-caption-text\">Das nennt sich Selfie!<\/figcaption><\/figure>\n<p>Schon seit Langem hatte Egbert\u00a0gelieb\u00e4ugelt\u00a0wieder einmal in S\u00fcdtirol\u00a0Schifahren zu gehen.\u00a0Seit Dezember wurden t\u00e4glich die Schnee- und Wetterberichte im Internet kontrolliert und mir\u00a0regelm\u00e4\u00dfig pr\u00e4sentiert.<\/p>\n<p>Nachdem im Februar die Schneemenge auf drei Meter angewachsen war, lie\u00df ich mich umstimmen und gab\u00a0gr\u00fcnes Licht f\u00fcr dieses Vorhaben. Also nichts wie ins Internet und schnell ein Quartier gesucht, gebucht und &#8230;\u00a0am Samstag, den 22. M\u00e4rz 2014, wurden fr\u00fchmorgens die Schier und was man sonst noch f\u00fcr einen Urlaub so braucht ins Auto gepackt und los ging es, ab in den S\u00fcden.<\/p>\n<p>Wer&#8217;s schnell wissen will, kann sich das Video ansehen und danach weiterlesen.<\/p>\n\n<p>&nbsp;<\/p>\n<p>Mit einer kulinarischen Mittagspause in K\u00e4rnten, die mir die beste glasierte Leber beschert hat, erreichten wir am Nachmittag unser Ziel, das tief verschneite Corvara.<\/p>\n<figure style=\"width: 300px\" class=\"wp-caption alignnone\"><a href=\"https:\/\/www.simonis.co.at\/wordpress\/wp-content\/uploads\/P3220653.jpg\"><img loading=\"lazy\" decoding=\"async\" src=\"https:\/\/www.simonis.co.at\/wordpress\/wp-content\/uploads\/P3220653-300x164.jpg\" alt=\"OLYMPUS DIGITAL CAMERA\" width=\"300\" height=\"164\" \/><\/a><figcaption class=\"wp-caption-text\">Unser Quartier &#8222;La Nuit&#8220;<\/figcaption><\/figure>\n<p>Egbert hatte das ideale Quartier gew\u00e4hlt, gez\u00e4hlte 200 Schritte bis zur Gondelbahn und die Schiabfahrt endete auf der gegen\u00fcberliegenden Stra\u00dfenseite. Besser geht&#8217;s nicht! Auch der Blick aus dem Fenster war nicht zu verachten!<\/p>\n<figure id=\"attachment_967\" aria-describedby=\"caption-attachment-967\" style=\"width: 300px\" class=\"wp-caption alignnone\"><a href=\"https:\/\/www.simonis.co.at\/wordpress\/wp-content\/uploads\/S1240002.jpg\"><img loading=\"lazy\" decoding=\"async\" class=\"size-medium wp-image-967 \" src=\"https:\/\/www.simonis.co.at\/wordpress\/wp-content\/uploads\/S1240002-300x147.jpg\" alt=\"Die Dolomiten von ihrer shc\u00f6nsten Seite!\" width=\"300\" height=\"147\" srcset=\"https:\/\/www.simonis.co.at\/wordpress\/wp-content\/uploads\/S1240002-300x147.jpg 300w, https:\/\/www.simonis.co.at\/wordpress\/wp-content\/uploads\/S1240002.jpg 1024w\" sizes=\"auto, (max-width: 300px) 100vw, 300px\" \/><\/a><figcaption id=\"caption-attachment-967\" class=\"wp-caption-text\">Die Dolomiten von ihrer sch\u00f6nsten Seite &#8230;<\/figcaption><\/figure>\n<figure id=\"attachment_955\" aria-describedby=\"caption-attachment-955\" style=\"width: 300px\" class=\"wp-caption alignnone\"><a href=\"https:\/\/www.simonis.co.at\/wordpress\/wp-content\/uploads\/P3180605.jpg\"><img loading=\"lazy\" decoding=\"async\" class=\"size-medium wp-image-955 \" src=\"https:\/\/www.simonis.co.at\/wordpress\/wp-content\/uploads\/P3180605-300x134.jpg\" alt=\"Das Panorama geht es noch weiter - vom Balkon aus fotografiert!\" width=\"300\" height=\"134\" srcset=\"https:\/\/www.simonis.co.at\/wordpress\/wp-content\/uploads\/P3180605-300x134.jpg 300w, https:\/\/www.simonis.co.at\/wordpress\/wp-content\/uploads\/P3180605.jpg 1024w\" sizes=\"auto, (max-width: 300px) 100vw, 300px\" \/><\/a><figcaption id=\"caption-attachment-955\" class=\"wp-caption-text\">&#8230; das Panorama geht noch weiter &#8211; direkt vom Balkon aus fotografiert!<\/figcaption><\/figure>\n<p>Wie man sieht, war der Himmel strahlend blau! Am n\u00e4chsten Tag ging es gleich auf die Piste.<\/p>\n<figure id=\"attachment_978\" aria-describedby=\"caption-attachment-978\" style=\"width: 300px\" class=\"wp-caption alignnone\"><a href=\"https:\/\/www.simonis.co.at\/wordpress\/wp-content\/uploads\/S1250005.jpg\"><img loading=\"lazy\" decoding=\"async\" class=\"size-medium wp-image-978\" src=\"https:\/\/www.simonis.co.at\/wordpress\/wp-content\/uploads\/S1250005-300x168.jpg\" alt=\"Diesmal mit Helm unterwegs\" width=\"300\" height=\"168\" srcset=\"https:\/\/www.simonis.co.at\/wordpress\/wp-content\/uploads\/S1250005-300x168.jpg 300w, https:\/\/www.simonis.co.at\/wordpress\/wp-content\/uploads\/S1250005.jpg 1024w\" sizes=\"auto, (max-width: 300px) 100vw, 300px\" \/><\/a><figcaption id=\"caption-attachment-978\" class=\"wp-caption-text\">Diesmal mit Helm unterwegs<\/figcaption><\/figure>\n<p>Das Wetter war zwar warm, aber der Schnee dennoch passabel, nur unsere Muskeln nicht. Die sp\u00fcrten wir, als wir nachmittags\u00a0die Treppen hinaufstiegen und abends beim Hinsetzen. Aber mit der Zeit wurde es besser.<\/p>\n<p><a href=\"https:\/\/www.simonis.co.at\/wordpress\/wp-content\/uploads\/1141075595-5243-skimap.jpg\"><img loading=\"lazy\" decoding=\"async\" class=\"alignnone size-medium wp-image-994\" src=\"https:\/\/www.simonis.co.at\/wordpress\/wp-content\/uploads\/1141075595-5243-skimap-300x261.jpg\" alt=\"1141075595-5243-skimap\" width=\"300\" height=\"261\" srcset=\"https:\/\/www.simonis.co.at\/wordpress\/wp-content\/uploads\/1141075595-5243-skimap-300x261.jpg 300w, https:\/\/www.simonis.co.at\/wordpress\/wp-content\/uploads\/1141075595-5243-skimap.jpg 1000w\" sizes=\"auto, (max-width: 300px) 100vw, 300px\" \/><\/a><\/p>\n<p><em><strong>Ein kleiner Exkurs:<\/strong> Die Schiregion Alta Badia liegt zwischen 1.400 und 2.700 Metern Seeh\u00f6he mit\u00a053 Liftanlagen und 95 Pisten\u00a0von insgesamt 130km L\u00e4nge. Die Liftverbindungen sind schnell und bequem und die Landschaft der Dolomiten ist wirklich atemberaubend!<\/em><\/p>\n<p>Jeden Tag besuchten wir einen anderen Teil dieses riesigen Schigebiets. So wurde uns nicht langweilig und bald hatten wir unsere Lieblingsschih\u00fctte entdeckt. Dort schmeckte der Kaiserschmarrn und die gegrillte Wurst am Besten. Nebenbei erfuhren wir, was eine Fotobombe ist &#8230;<\/p>\n<p><a href=\"https:\/\/www.simonis.co.at\/wordpress\/wp-content\/uploads\/P3200615.jpg\"><img loading=\"lazy\" decoding=\"async\" class=\"alignnone size-medium wp-image-957\" src=\"https:\/\/www.simonis.co.at\/wordpress\/wp-content\/uploads\/P3200615-300x215.jpg\" alt=\"OLYMPUS DIGITAL CAMERA\" width=\"300\" height=\"215\" srcset=\"https:\/\/www.simonis.co.at\/wordpress\/wp-content\/uploads\/P3200615-300x215.jpg 300w, https:\/\/www.simonis.co.at\/wordpress\/wp-content\/uploads\/P3200615.jpg 1024w\" sizes=\"auto, (max-width: 300px) 100vw, 300px\" \/><\/a><\/p>\n<p><a href=\"https:\/\/www.simonis.co.at\/wordpress\/wp-content\/uploads\/P3200617.jpg\"><img loading=\"lazy\" decoding=\"async\" src=\"https:\/\/www.simonis.co.at\/wordpress\/wp-content\/uploads\/P3200617-300x181.jpg\" alt=\"OLYMPUS DIGITAL CAMERA\" width=\"300\" height=\"181\" \/><\/a><\/p>\n<p><a href=\"https:\/\/www.simonis.co.at\/wordpress\/wp-content\/uploads\/P3200619.jpg\"><img loading=\"lazy\" decoding=\"async\" class=\"alignnone size-medium wp-image-959\" src=\"https:\/\/www.simonis.co.at\/wordpress\/wp-content\/uploads\/P3200619-300x193.jpg\" alt=\"OLYMPUS DIGITAL CAMERA\" width=\"300\" height=\"193\" srcset=\"https:\/\/www.simonis.co.at\/wordpress\/wp-content\/uploads\/P3200619-300x193.jpg 300w, https:\/\/www.simonis.co.at\/wordpress\/wp-content\/uploads\/P3200619.jpg 1024w\" sizes=\"auto, (max-width: 300px) 100vw, 300px\" \/><\/a><\/p>\n<p><a href=\"https:\/\/www.simonis.co.at\/wordpress\/wp-content\/uploads\/P3200621.jpg\"><img loading=\"lazy\" decoding=\"async\" class=\"alignnone size-medium wp-image-960\" src=\"https:\/\/www.simonis.co.at\/wordpress\/wp-content\/uploads\/P3200621-300x142.jpg\" alt=\"OLYMPUS DIGITAL CAMERA\" width=\"300\" height=\"142\" srcset=\"https:\/\/www.simonis.co.at\/wordpress\/wp-content\/uploads\/P3200621-300x142.jpg 300w, https:\/\/www.simonis.co.at\/wordpress\/wp-content\/uploads\/P3200621.jpg 1024w\" sizes=\"auto, (max-width: 300px) 100vw, 300px\" \/><\/a><\/p>\n<p>&#8230; und nahmen&#8217;s mit Humor!<\/p>\n<p>Einmal gings auf den Lagazuoi, wo die l\u00e4ngste Abfahrt (8,5km) auf uns wartete. Die Abfahrt f\u00fchrt rechts und links von\u00a0verschneiten Berggipfeln ges\u00e4umt ins Tal, ein\u00a0wunderbares Erlebnis.<\/p>\n<figure id=\"attachment_993\" aria-describedby=\"caption-attachment-993\" style=\"width: 300px\" class=\"wp-caption alignnone\"><a href=\"https:\/\/www.simonis.co.at\/wordpress\/wp-content\/uploads\/sella-ronda.jpg\"><img loading=\"lazy\" decoding=\"async\" class=\"size-medium wp-image-993\" src=\"https:\/\/www.simonis.co.at\/wordpress\/wp-content\/uploads\/sella-ronda-300x280.jpg\" alt=\"Die Sella Ronda muss man gefahren haben!\" width=\"300\" height=\"280\" srcset=\"https:\/\/www.simonis.co.at\/wordpress\/wp-content\/uploads\/sella-ronda-300x280.jpg 300w, https:\/\/www.simonis.co.at\/wordpress\/wp-content\/uploads\/sella-ronda.jpg 846w\" sizes=\"auto, (max-width: 300px) 100vw, 300px\" \/><\/a><figcaption id=\"caption-attachment-993\" class=\"wp-caption-text\">Die Sella Ronda muss man gefahren haben!<\/figcaption><\/figure>\n<p>Ein anderes Mal absolvierten wir die Sella Ronda, dabei umf\u00e4hrt man entweder im oder gegen den Uhrzeigersinn die Sella Gruppe. Das lustigste Erlebnis dabei &#8211; du f\u00e4hrst mit den Schiern durch Wolkenstein, an den Wohnh\u00e4usern vorbei. F\u00fcr uns ist das lustig, aber wenn ich als Einheimischer denke &#8230; t\u00e4glich fahren die Schifahrer an meinem K\u00fcchenfenster vorbei???<\/p>\n<figure id=\"attachment_980\" aria-describedby=\"caption-attachment-980\" style=\"width: 300px\" class=\"wp-caption alignnone\"><a href=\"https:\/\/www.simonis.co.at\/wordpress\/wp-content\/uploads\/S1250012.jpg\"><img loading=\"lazy\" decoding=\"async\" class=\"size-medium wp-image-980\" src=\"https:\/\/www.simonis.co.at\/wordpress\/wp-content\/uploads\/S1250012-300x168.jpg\" alt=\"Wer hat sich denn da f\u00fcr den Riesentorlauf qualifiziert?\" width=\"300\" height=\"168\" srcset=\"https:\/\/www.simonis.co.at\/wordpress\/wp-content\/uploads\/S1250012-300x168.jpg 300w, https:\/\/www.simonis.co.at\/wordpress\/wp-content\/uploads\/S1250012.jpg 1024w\" sizes=\"auto, (max-width: 300px) 100vw, 300px\" \/><\/a><figcaption id=\"caption-attachment-980\" class=\"wp-caption-text\">Wer hat sich denn da f\u00fcr den Riesentorlauf qualifiziert?<\/figcaption><\/figure>\n<p>Jedenfalls kamen wir diese Woche voll auf unsere Rechnung:<br \/>\n1. Wetter wunderbar<br \/>\n2. Schnee herrlich<br \/>\n3. Laune hervorragend<br \/>\n4. Pizza italienisch gut<br \/>\n5. Muskelkater, ein treuer Begleiter<\/p>\n<figure style=\"width: 300px\" class=\"wp-caption alignnone\"><a href=\"https:\/\/www.simonis.co.at\/wordpress\/wp-content\/uploads\/S1250010.jpg\"><img loading=\"lazy\" decoding=\"async\" src=\"https:\/\/www.simonis.co.at\/wordpress\/wp-content\/uploads\/S1250010-300x168.jpg\" alt=\"\" width=\"300\" height=\"168\" \/><\/a><figcaption class=\"wp-caption-text\">Schaut doch cool aus!<\/figcaption><\/figure>\n<p>Leider hat nicht nur die Wurst ein Ende, auch unsere Schiwoche war ganz schnell wieder vorbei! Aber es war ein tolles Erlebnis und mal sehen, was das n\u00e4chste Jahr bringt. Die Schier\u00a0sind verstaut und tr\u00e4umen von wei\u00dfen Pisten und glitzerndem Schnee &#8211; wir manchmal auch!<\/p>\n<p><a href=\"https:\/\/www.simonis.co.at\/wordpress\/wp-content\/uploads\/S1250013.jpg\"><img loading=\"lazy\" decoding=\"async\" class=\"alignnone size-medium wp-image-981\" src=\"https:\/\/www.simonis.co.at\/wordpress\/wp-content\/uploads\/S1250013-300x168.jpg\" alt=\"S1250013\" width=\"300\" height=\"168\" srcset=\"https:\/\/www.simonis.co.at\/wordpress\/wp-content\/uploads\/S1250013-300x168.jpg 300w, https:\/\/www.simonis.co.at\/wordpress\/wp-content\/uploads\/S1250013.jpg 1024w\" sizes=\"auto, (max-width: 300px) 100vw, 300px\" \/><\/a><\/p>\n<p>Ach ja &#8211; fast h\u00e4tte ich es vergessen, wisst ihr, was Freiwillige Feuerwehr auf Ladinisch (romanischer\u00a0Dialekt\u00a0in manchen Alpent\u00e4lern S\u00fcdtirols) hei\u00dft? Bitte sehr:<\/p>\n<figure id=\"attachment_965\" aria-describedby=\"caption-attachment-965\" style=\"width: 300px\" class=\"wp-caption alignnone\"><a href=\"https:\/\/www.simonis.co.at\/wordpress\/wp-content\/uploads\/P3220654.jpg\"><img loading=\"lazy\" decoding=\"async\" class=\"size-medium wp-image-965 \" src=\"https:\/\/www.simonis.co.at\/wordpress\/wp-content\/uploads\/P3220654-300x187.jpg\" alt=\"OLYMPUS DIGITAL CAMERA\" width=\"300\" height=\"187\" srcset=\"https:\/\/www.simonis.co.at\/wordpress\/wp-content\/uploads\/P3220654-300x187.jpg 300w, https:\/\/www.simonis.co.at\/wordpress\/wp-content\/uploads\/P3220654.jpg 1024w\" sizes=\"auto, (max-width: 300px) 100vw, 300px\" \/><\/a><figcaption id=\"caption-attachment-965\" class=\"wp-caption-text\">DEST\u00dcDAF\u00dcC<\/figcaption><\/figure>\n","protected":false},"excerpt":{"rendered":"<p><a class=\"read-more\" href=\"https:\/\/www.simonis.co.at\/wordpress\/unsere-reisen\/suedtirol-corvara\/\">Read more<\/a><\/p>\n","protected":false},"author":1,"featured_media":1086,"parent":2410,"menu_order":0,"comment_status":"closed","ping_status":"open","template":"","meta":{"footnotes":""},"class_list":["post-928","page","type-page","status-publish","has-post-thumbnail","hentry"],"_links":{"self":[{"href":"https:\/\/www.simonis.co.at\/wordpress\/wp-json\/wp\/v2\/pages\/928","targetHints":{"allow":["GET"]}}],"collection":[{"href":"https:\/\/www.simonis.co.at\/wordpress\/wp-json\/wp\/v2\/pages"}],"about":[{"href":"https:\/\/www.simonis.co.at\/wordpress\/wp-json\/wp\/v2\/types\/page"}],"author":[{"embeddable":true,"href":"https:\/\/www.simonis.co.at\/wordpress\/wp-json\/wp\/v2\/users\/1"}],"replies":[{"embeddable":true,"href":"https:\/\/www.simonis.co.at\/wordpress\/wp-json\/wp\/v2\/comments?post=928"}],"version-history":[{"count":23,"href":"https:\/\/www.simonis.co.at\/wordpress\/wp-json\/wp\/v2\/pages\/928\/revisions"}],"predecessor-version":[{"id":3340,"href":"https:\/\/www.simonis.co.at\/wordpress\/wp-json\/wp\/v2\/pages\/928\/revisions\/3340"}],"up":[{"embeddable":true,"href":"https:\/\/www.simonis.co.at\/wordpress\/wp-json\/wp\/v2\/pages\/2410"}],"wp:featuredmedia":[{"embeddable":true,"href":"https:\/\/www.simonis.co.at\/wordpress\/wp-json\/wp\/v2\/media\/1086"}],"wp:attachment":[{"href":"https:\/\/www.simonis.co.at\/wordpress\/wp-json\/wp\/v2\/media?parent=928"}],"curies":[{"name":"wp","href":"https:\/\/api.w.org\/{rel}","templated":true}]}}