{"id":5934,"date":"2019-07-28T23:22:20","date_gmt":"2019-07-28T21:22:20","guid":{"rendered":"http:\/\/www.simonis.co.at\/wordpress\/?page_id=5934"},"modified":"2019-08-16T18:10:36","modified_gmt":"2019-08-16T16:10:36","slug":"2019-06-norwegen","status":"publish","type":"page","link":"https:\/\/www.simonis.co.at\/wordpress\/unsere-reisen\/2019-06-norwegen\/","title":{"rendered":"2019\/06 Norwegen"},"content":{"rendered":"\n<p>Nun, der Countdown hat begonnen, in einer Woche lichten wir die Anker und cruisen los. Nein, nicht mit Hurtig- sondern mit Arcarouten, denn der Italiener ist unser pers\u00f6nliches Kreuzfahrtschiff mit Egbert, als Kapit\u00e4n und mir, als Navigatorin.  <\/p>\n\n\n\n<p> Wir stecken mitten in den Vorbereitungen. Das Womo ist endlich vom Schmutz der letzten Reise innen und au\u00dfen befreit. Es blitzt und blinkt!  13 Beleuchtungsk\u00f6rper wurden auf LED umgestellt, denn in Norwegen kann man bekanntlich auch freistehen, und das wollen wir uns nicht entgehen lassen! Aber da gibt es noch immer viel zu tun, wir haben einen neuen Teppich bestellt, die Wassertanks geh\u00f6ren noch gereinigt, auf dem Dach ein paar Silikonstellen kontrolliert, denn man wei\u00df ja nie &#8211; in Norwegen kann es t\u00fcchtig regnen!<\/p>\n\n\n\n<p>Ach ja und die &#8222;K\u00fchlr\u00e4ume&#8220; &#8211; Garage, K\u00fchlschrank, Gefrierfach und K\u00fcchenschr\u00e4nke &#8211; m\u00fcssen auch noch mit dem Wichtigsten best\u00fcckt werden. Immerhin wenigstens ist das gesamte Multimedia-Equipment schon \u00fcberpr\u00fcft. Diesmal haben wir auch GoPro und Drohne erstmals dabei und sind schon sehr gespannt!<\/p>\n\n\n\n<p>Wir planen 5 Wochen unterwegs zu sein, mehr geht nicht, da die Navigatorin noch immer zu den Erwerbst\u00e4tigen z\u00e4hlt. Die Route steht fest, aber das hei\u00dft noch lange nicht, dass man sich daran halten muss. <\/p>\n","protected":false},"excerpt":{"rendered":"<p><a class=\"read-more\" href=\"https:\/\/www.simonis.co.at\/wordpress\/unsere-reisen\/2019-06-norwegen\/\">Read more<\/a><\/p>\n","protected":false},"author":1,"featured_media":5674,"parent":2410,"menu_order":0,"comment_status":"closed","ping_status":"closed","template":"","meta":{"footnotes":""},"class_list":["post-5934","page","type-page","status-publish","has-post-thumbnail","hentry"],"_links":{"self":[{"href":"https:\/\/www.simonis.co.at\/wordpress\/wp-json\/wp\/v2\/pages\/5934","targetHints":{"allow":["GET"]}}],"collection":[{"href":"https:\/\/www.simonis.co.at\/wordpress\/wp-json\/wp\/v2\/pages"}],"about":[{"href":"https:\/\/www.simonis.co.at\/wordpress\/wp-json\/wp\/v2\/types\/page"}],"author":[{"embeddable":true,"href":"https:\/\/www.simonis.co.at\/wordpress\/wp-json\/wp\/v2\/users\/1"}],"replies":[{"embeddable":true,"href":"https:\/\/www.simonis.co.at\/wordpress\/wp-json\/wp\/v2\/comments?post=5934"}],"version-history":[{"count":3,"href":"https:\/\/www.simonis.co.at\/wordpress\/wp-json\/wp\/v2\/pages\/5934\/revisions"}],"predecessor-version":[{"id":6082,"href":"https:\/\/www.simonis.co.at\/wordpress\/wp-json\/wp\/v2\/pages\/5934\/revisions\/6082"}],"up":[{"embeddable":true,"href":"https:\/\/www.simonis.co.at\/wordpress\/wp-json\/wp\/v2\/pages\/2410"}],"wp:featuredmedia":[{"embeddable":true,"href":"https:\/\/www.simonis.co.at\/wordpress\/wp-json\/wp\/v2\/media\/5674"}],"wp:attachment":[{"href":"https:\/\/www.simonis.co.at\/wordpress\/wp-json\/wp\/v2\/media?parent=5934"}],"curies":[{"name":"wp","href":"https:\/\/api.w.org\/{rel}","templated":true}]}}