{"id":4719,"date":"2019-05-25T02:13:48","date_gmt":"2019-05-25T00:13:48","guid":{"rendered":"http:\/\/www.simonis.co.at\/wordpress\/?page_id=4719"},"modified":"2019-05-25T02:14:29","modified_gmt":"2019-05-25T00:14:29","slug":"gaestebuchgwolle_gb","status":"publish","type":"page","link":"https:\/\/www.simonis.co.at\/wordpress\/gaestebuchgwolle_gb\/","title":{"rendered":"G\u00e4stebuch"},"content":{"rendered":"<div class=\"gwolle-gb\"><div class=\"gwolle_gb_messages_top_container\"><\/div>\n\t\t\t<div class=\"gwolle-gb-write-button\">\n\t\t\t\t<input type=\"button\" name=\"gwolle-gb-write-button\" class=\"button btn btn-default \" value=\"Neuen Eintrag schreiben\" \/>\n\t\t\t<\/div>\n\t\t\t<form action=\"#\" method=\"POST\" class=\"gwolle-gb-write gwolle-gb-hide gwolle-gb-float gwolle_gb_form_ajax gwolle-gb-form-ajax gwolle-gb-ajax gwolle-gb-not-logged-in\">\n\t\t\t\t<h3><\/h3>\n\t\t\t\t<button type=\"button\" class=\"gb-notice-dismiss\">x<span class=\"screen-reader-text\">Dieses Formular ausblenden<\/span><\/button>\n\t\t\t\n\t\t\t\t<input type=\"hidden\" name=\"gwolle_gb_function\" class=\"gwolle_gb_function\" value=\"add_entry\" \/><input type=\"hidden\" name=\"gwolle_gb_book_id\" class=\"gwolle_gb_book_id\" value=\"1\" \/><div class=\"gwolle_gb_c8afeeb79d5639412f18a86d9057330c\">\n\t\t\t\t<div class=\"label\"><label for=\"gwolle_gb_c8afeeb79d5639412f18a86d9057330c\" class=\"text-info\">Name <span class=\"required\">*<\/span><\/label><\/div>\n\t\t\t\t<div class=\"input\"><input class=\"wp-exclude-emoji gwolle_gb_c8afeeb79d5639412f18a86d9057330c\" value=\"\" type=\"text\" name=\"gwolle_gb_c8afeeb79d5639412f18a86d9057330c\" required \/><\/div>\n\t\t\t\t<div class=\"clearBoth\">&nbsp;<\/div>\n\t\t\t<\/div><div class=\"gwolle_gb_4bf110ab66729f8b911648fe33a5080c\">\n\t\t\t\t\t<div class=\"label\"><label for=\"gwolle_gb_4bf110ab66729f8b911648fe33a5080c\" class=\"text-info\">Ort<\/label><\/div>\n\t\t\t\t\t<div class=\"input\"><input class=\"wp-exclude-emoji gwolle_gb_4bf110ab66729f8b911648fe33a5080c\" value=\"\" type=\"text\" name=\"gwolle_gb_4bf110ab66729f8b911648fe33a5080c\" \/><\/div>\n\t\t\t\t\t<div class=\"clearBoth\">&nbsp;<\/div>\n\t\t\t\t<\/div><div class=\"gwolle_gb_3553ebbb2ed3db6e0620e50d09b92704\">\n\t\t\t\t<div class=\"label\"><label for=\"gwolle_gb_3553ebbb2ed3db6e0620e50d09b92704\" class=\"text-info\">E-Mail <span class=\"required\">*<\/span><\/label><\/div>\n\t\t\t\t<div class=\"input\"><input class=\"gwolle_gb_3553ebbb2ed3db6e0620e50d09b92704\" value=\"\" type=\"email\" name=\"gwolle_gb_3553ebbb2ed3db6e0620e50d09b92704\" required \/><\/div>\n\t\t\t\t<div class=\"clearBoth\">&nbsp;<\/div>\n\t\t\t<\/div><div class=\"gwolle_gb_c8fe19a01a1e972f6198c1c14490d1b8\">\n\t\t\t\t<div class=\"label\"><label for=\"gwolle_gb_c8fe19a01a1e972f6198c1c14490d1b8\" class=\"text-info\">Website<\/label><\/div>\n\t\t\t\t<div class=\"input\"><input class=\"gwolle_gb_c8fe19a01a1e972f6198c1c14490d1b8\" value=\"\" type=\"url\" name=\"gwolle_gb_c8fe19a01a1e972f6198c1c14490d1b8\" \/><\/div>\n\t\t\t\t<div class=\"clearBoth\">&nbsp;<\/div>\n\t\t\t<\/div>\n\t\t\t<div class=\"gwolle_gb_86724d5f3a1339756b5ca59059f38788\" style=\"display:none;overflow:hidden;\">\n\t\t\t\t<div class=\"label\">\n\t\t\t\t\t<label for=\"gwolle_gb_86724d5f3a1339756b5ca59059f38788\" class=\"text-primary\">Hier nichts eingeben<\/label>\n\t\t\t\t\t<label for=\"gwolle_gb_ea2776c6077a6a87a4c6c770600708d5\" class=\"text-primary\">Hier nichts eingeben<\/label>\n\t\t\t\t<\/div>\n\t\t\t\t<div class=\"input\">\n\t\t\t\t\t<input value=\"14\" type=\"text\" name=\"gwolle_gb_86724d5f3a1339756b5ca59059f38788\" class=\"gwolle_gb_86724d5f3a1339756b5ca59059f38788\" style=\"transform: translateY(10000px);\" \/>\n\t\t\t\t\t<input value=\"\" type=\"text\" name=\"gwolle_gb_ea2776c6077a6a87a4c6c770600708d5\" class=\"gwolle_gb_ea2776c6077a6a87a4c6c770600708d5\" style=\"transform: translateY(10000px);\" \/>\n\t\t\t\t<\/div>\n\t\t\t\t<div class=\"clearBoth\"><\/div>\n\t\t\t<\/div>\n\t\t\t<div class=\"gwolle_gb_2876792908329bef7b7610ede56c55dc\" style=\"display:none;overflow:hidden;\">\n\t\t\t\t<div class=\"label\">\n\t\t\t\t\t<label for=\"gwolle_gb_2876792908329bef7b7610ede56c55dc\" class=\"text-primary\">Hier nichts eingeben<\/label>\n\t\t\t\t\t<label for=\"gwolle_gb_d78fbacabb7377fb4dd1045580329009\" class=\"text-primary\">Hier nichts eingeben<\/label>\n\t\t\t\t<\/div>\n\t\t\t\t<div class=\"input\">\n\t\t\t\t\t<input value=\"68158\" type=\"text\" name=\"gwolle_gb_2876792908329bef7b7610ede56c55dc\" class=\"gwolle_gb_2876792908329bef7b7610ede56c55dc\" style=\"transform: translateY(10000px);\" \/>\n\t\t\t\t\t<input value=\"68158\" type=\"text\" name=\"gwolle_gb_d78fbacabb7377fb4dd1045580329009\" class=\"gwolle_gb_d78fbacabb7377fb4dd1045580329009\" style=\"transform: translateY(10000px);\" \/>\n\t\t\t\t<\/div>\n\t\t\t\t<div class=\"clearBoth\"><\/div>\n\t\t\t<\/div><div class=\"gwolle_gb_content\">\n\t\t\t\t<div class=\"label\"><label for=\"gwolle_gb_content\" class=\"text-info\">G\u00e4stebucheintrag <span class=\"required\">*<\/span><\/label><\/div>\n\t\t\t\t<div class=\"input\"><textarea name=\"gwolle_gb_content\" class=\"gwolle_gb_content wp-exclude-emoji\" required ><\/textarea><\/div>\n\t\t\t\t\t<div class=\"clearBoth\">&nbsp;<\/div>\n\t\t\t\t<\/div><input type=\"hidden\" class=\"gwolle_gb_0af1de1f47a42e07fd78127aed443927\" name=\"gwolle_gb_0af1de1f47a42e07fd78127aed443927\" value=\"7fedbe468a\" \/>\n\t\t\t<div class=\"gwolle_gb_messages_bottom_container\"><\/div>\n\n\t\t\t<noscript><div class=\"no-js\">Warnung: Dieses Formular kann nur verwendet werden, wenn in deinem Browser JavaScript aktiviert ist.<\/div><\/noscript>\n\n\t\t\t<div class=\"gwolle_gb_submit\">\n\t\t\t\t<div class=\"label gwolle-gb-invisible text-muted\">&nbsp;<\/div>\n\t\t\t\t<div class=\"input\">\n\t\t\t\t\t<input type=\"submit\" name=\"gwolle_gb_submit\" class=\"gwolle_gb_submit button btn btn-primary \" value=\"Absenden\" \/>\n\t\t\t\t\t<span class=\"gwolle_gb_submit_ajax_icon\"><\/span>\n\t\t\t\n\t\t\t\t<\/div>\n\t\t\t\t<div class=\"clearBoth\">&nbsp;<\/div>\n\t\t\t<\/div>\n\n\t\t\t<div class=\"gwolle_gb_notice\">\n\t\t\t\t\n\t\t\t<\/div><\/form><div class=\"gwolle-gb-read gwolle-gb-ajax gwolle-gb-entries-list\" data-book_id=\"1\" data-page_id=\"1\">\n\t\t<div id=\"gwolle-gb-total\" class=\"gwolle-gb-total\">2 Eintr\u00e4ge<\/div><!-- Gwolle-GB Entry: Default Template Loaded -->\n\t\t\t\t<div class=\"gb-entry gb-entry_2 gb-entry-count_1 gwolle_gb_uneven gwolle-gb-uneven gwolle-gb-first\" data-entry_id=\"2\">\n\t\t\t\t<article>\n\t\t\t\t\t<div class=\"gb-author-info\">\n\t\t\t\t\t\t<span class=\"gb-author-avatar\"><img referrerpolicy=\"no-referrer\" alt='Peter' src='https:\/\/secure.gravatar.com\/avatar\/cc7fa2521c2028da39f57c8c6de9521199b9eee66e206c7f5f0e9299d43471cb?s=32&#038;d=mm&#038;r=g' srcset='https:\/\/secure.gravatar.com\/avatar\/cc7fa2521c2028da39f57c8c6de9521199b9eee66e206c7f5f0e9299d43471cb?s=64&#038;d=mm&#038;r=g 2x' class='avatar avatar-32 photo' height='32' width='32' \/><\/span>\n\t\t\t\t\t\t<span class=\"gb-author-name\">Peter\n\t\t\t\t\t\t<\/span>\n\t\t\t\t\t\t<span class=\"gb-author-origin\">\n\t\t\t\t\t\t\t<span class=\"gb-author-origin-from-text\"> aus<\/span>\n\t\t\t\t\t\t\t<span class=\"gb-author-origin-text\"> Wien<\/span>\n\t\t\t\t\t\t<\/span>\n\t\t\t\t\t\t<span class=\"gb-datetime\">\n\t\t\t\t\t\t\t<span class=\"gb-date\"><span class=\"gb-date-wrote-text\"> schrieb am<\/span><span class=\"gb-date-text\"> 25. Juni 2019<\/span>\n\t\t\t\t\t\t\t<\/span><span class=\"gb-time\">\n\t\t\t\t\t\t\t\t\t<span class=\"gb-time-at-text\"> um<\/span>\n\t\t\t\t\t\t\t\t\t<span class=\"gb-time-text\"> 11:07<\/span>\n\t\t\t\t\t\t\t\t<\/span>\n\t\t\t\t\t\t<\/span> \n\t\t\t\t\t<\/div>\n\t\t\t\t\t<div class=\"gb-entry-content\">Hallo Margot, hallo Egbert!<br \/>\r\nToller Blog! Nat\u00fcrlich frisst uns der Neid:-)<br \/>\r\nWir waren die Nacht vom 31.05. auf 01.06. in Aurlandsvangen und das Fjell war leider noch gesperrt - seufz.<br \/>\r\nSind gespannt wie ein Pfitschipfeil wie&#039;s bei euch weitergeht. Tipp f\u00fcr die Lofoten: Borg.<br \/>\r\nAlles Gute, sch\u00f6nen Urlaub, Peter und Romana.\n\t\t\t\t\t<\/div>\n\t\t\t\t\t<div class=\"gb-entry-admin_reply admin-entry\">\n\t\t\t\t\t\t<div class=\"gb-admin_reply_uid gb-admin-reply-uid\">\n\t\t\t\t\t\t\t<em>Administrator-Antwort von: wordpressadmin<\/em>\n\t\t\t\t\t\t<\/div> \n\t\t\t\t\t\t<div class=\"gb-admin_reply_content gb-admin-reply-content\">\n\t\t\t\t\t\tLiebe Romy, lieber Peter,<br \/>\r\n<br \/>\r\nDanke f\u00fcr eure lieben Zeilen. Wir sind auch schon gespannt, was ihr \u00fcber eure Norwegenreise zu berichten habt. <br \/>\r\nDanke auch f\u00fcr den Tipp bez\u00fcglich Lofoten; aber leider fahren wir nicht so weit. Gerade sind wir in Trondheim und morgen geht es wieder in den S\u00fcden, Richtung Heimat.<br \/>\r\n<br \/>\r\nAlles Gute, sehen uns ja bald wieder, Margot &amp; Egbert\n\t\t\t\t\t\t<\/div>\n\t\t\t\t\t<\/div>\n\t\t\t\t<\/article>\n\t\t\t<\/div>\n\t\t\t<div class=\"gb-entry gb-entry_1 gb-entry-count_2 gwolle_gb_even gwolle-gb-even admin-entry\" data-entry_id=\"1\">\n\t\t\t\t<article>\n\t\t\t\t\t<div class=\"gb-author-info\">\n\t\t\t\t\t\t<span class=\"gb-author-avatar\"><img referrerpolicy=\"no-referrer\" alt='wordpressadmin' src='https:\/\/secure.gravatar.com\/avatar\/714e6994b658d4d9103d6841463dfccd57036f52c0152ad584b97eef2b52e768?s=32&#038;d=mm&#038;r=g' srcset='https:\/\/secure.gravatar.com\/avatar\/714e6994b658d4d9103d6841463dfccd57036f52c0152ad584b97eef2b52e768?s=64&#038;d=mm&#038;r=g 2x' class='avatar avatar-32 photo' height='32' width='32' \/><\/span>\n\t\t\t\t\t\t<span class=\"gb-author-name\"><a href=\"http:\/\/www.simonis.co.at\/wordpress\" target=\"_blank\" rel=\"nofollow noopener noreferrer\"\n\t\t\t\t\t\t\ttitle=\"Besuche die Website von wordpressadmin: http:\/\/www.simonis.co.at\/wordpress\"><i class=\"gb-moderator\">wordpressadmin<\/i><\/a>\n\t\t\t\t\t\t<\/span>\n\t\t\t\t\t\t<span class=\"gb-datetime\">\n\t\t\t\t\t\t\t<span class=\"gb-date\"><span class=\"gb-date-wrote-text\"> schrieb am<\/span><span class=\"gb-date-text\"> 25. Mai 2019<\/span>\n\t\t\t\t\t\t\t<\/span><span class=\"gb-time\">\n\t\t\t\t\t\t\t\t\t<span class=\"gb-time-at-text\"> um<\/span>\n\t\t\t\t\t\t\t\t\t<span class=\"gb-time-text\"> 2:09<\/span>\n\t\t\t\t\t\t\t\t<\/span>\n\t\t\t\t\t\t<\/span> \n\t\t\t\t\t<\/div>\n\t\t\t\t\t<div class=\"gb-entry-content\">Liebe Leser,<br \/>\r\nich freue mich \u00fcber jeden Eintrag in meinem G\u00e4stebuch.\n\t\t\t\t\t<\/div>\n\t\t\t\t<\/article>\n\t\t\t<\/div>\n\t\t\t<\/div><\/div>\n","protected":false},"excerpt":{"rendered":"","protected":false},"author":1,"featured_media":0,"parent":0,"menu_order":0,"comment_status":"closed","ping_status":"closed","template":"","meta":{"footnotes":""},"class_list":["post-4719","page","type-page","status-publish","hentry"],"_links":{"self":[{"href":"https:\/\/www.simonis.co.at\/wordpress\/wp-json\/wp\/v2\/pages\/4719","targetHints":{"allow":["GET"]}}],"collection":[{"href":"https:\/\/www.simonis.co.at\/wordpress\/wp-json\/wp\/v2\/pages"}],"about":[{"href":"https:\/\/www.simonis.co.at\/wordpress\/wp-json\/wp\/v2\/types\/page"}],"author":[{"embeddable":true,"href":"https:\/\/www.simonis.co.at\/wordpress\/wp-json\/wp\/v2\/users\/1"}],"replies":[{"embeddable":true,"href":"https:\/\/www.simonis.co.at\/wordpress\/wp-json\/wp\/v2\/comments?post=4719"}],"version-history":[{"count":2,"href":"https:\/\/www.simonis.co.at\/wordpress\/wp-json\/wp\/v2\/pages\/4719\/revisions"}],"predecessor-version":[{"id":4721,"href":"https:\/\/www.simonis.co.at\/wordpress\/wp-json\/wp\/v2\/pages\/4719\/revisions\/4721"}],"wp:attachment":[{"href":"https:\/\/www.simonis.co.at\/wordpress\/wp-json\/wp\/v2\/media?parent=4719"}],"curies":[{"name":"wp","href":"https:\/\/api.w.org\/{rel}","templated":true}]}}