{"id":4359,"date":"2018-09-11T16:51:42","date_gmt":"2018-09-11T14:51:42","guid":{"rendered":"http:\/\/www.simonis.co.at\/wordpress\/?page_id=4359"},"modified":"2018-09-11T16:51:42","modified_gmt":"2018-09-11T14:51:42","slug":"etappe-3-zurueck-nach-wien","status":"publish","type":"page","link":"https:\/\/www.simonis.co.at\/wordpress\/unsere-reisen\/sardinien-2014\/etappe-3-zurueck-nach-wien\/","title":{"rendered":"Etappe 3: Zur\u00fcck nach Wien"},"content":{"rendered":"<h2>Donnerstag, 11.9. Mit der F\u00e4hre zur\u00fcck zum Festland<\/h2>\n<p>Am n\u00e4chsten Tag geht es wieder Richtung Hafen. Wir reihen uns in die WoMo Schlange ein und beteiligen uns am F\u00e4hrenballett. Diesmal haben wir die \u00dcberfahrt am Tage gew\u00e4hlt, schade um die Stunden! Die h\u00e4tten wir lieber auf Sardinien verbracht.<\/p>\n<p>Sp\u00e4t abends machen wir uns auf die Suche nach einem \u00dcbernachtungsplatz im Hinterland von Livorno. Wir parken uns auf einem Wiesenst\u00fcck ein, wo uns ein Nachbar darauf aufmerksam macht, dass es hier sehr sumpfig sei. Also sp\u00e4tnachts noch einmal umgeparkt auf eine geschotterte Fl\u00e4che und gut war es!<\/p>\n<h2>Freitag, 12.9. Von Padua nach Lignano<\/h2>\n<p>In der Nacht hat es viel geregnet und die Wiesen sind vollgesogen. Ob wir da heil herausgekommen w\u00e4ren? Gl\u00fcck gehabt.<\/p>\n<p>Nach dem Fr\u00fchst\u00fcck richten wir unsere Nase nach Osten und queren Italien. In Lignano machen wir Halt. Diesen \u00dcbernachtungsplatz kennen wir bereits. Um diese Zeit ist hier nicht mehr viel los. Fast alle Restaurants sind bereits geschlossen, aber dann finden wir doch eines, wo wir noch eine Pizza verspeisen, bevor wir m\u00fcde ins Bett fallen.<\/p>\n<h2>Samstag, 13.9. Wieder nach Wien<\/h2>\n<p>Nun hei\u00dft es Abschied nehmen vom Urlaub. \u00dcber die S\u00fcdautobahn geht es wieder nach Wien. Dann wird das Womo ausger\u00e4umt, zum Stellplatz gebracht und Berge von Schmutzw\u00e4sche sortiert.<\/p>\n<h2>Fazit:<\/h2>\n<p>Ein toller Urlaub mit vielen kulturellen und landschaftlichen Highlights. Aber f\u00fcr den n\u00e4chsten Urlaub werden wir uns ein Moped anschaffen und Huckpack mitnehmen. Denn dann k\u00f6nnen wir auch jene Winkel ansteuern, die f\u00fcr unser Womo unerreichbar sind.<\/p>\n","protected":false},"excerpt":{"rendered":"<p><a class=\"read-more\" href=\"https:\/\/www.simonis.co.at\/wordpress\/unsere-reisen\/sardinien-2014\/etappe-3-zurueck-nach-wien\/\">Read more<\/a><\/p>\n","protected":false},"author":1,"featured_media":4301,"parent":1777,"menu_order":0,"comment_status":"closed","ping_status":"closed","template":"","meta":{"footnotes":""},"class_list":["post-4359","page","type-page","status-publish","has-post-thumbnail","hentry"],"_links":{"self":[{"href":"https:\/\/www.simonis.co.at\/wordpress\/wp-json\/wp\/v2\/pages\/4359","targetHints":{"allow":["GET"]}}],"collection":[{"href":"https:\/\/www.simonis.co.at\/wordpress\/wp-json\/wp\/v2\/pages"}],"about":[{"href":"https:\/\/www.simonis.co.at\/wordpress\/wp-json\/wp\/v2\/types\/page"}],"author":[{"embeddable":true,"href":"https:\/\/www.simonis.co.at\/wordpress\/wp-json\/wp\/v2\/users\/1"}],"replies":[{"embeddable":true,"href":"https:\/\/www.simonis.co.at\/wordpress\/wp-json\/wp\/v2\/comments?post=4359"}],"version-history":[{"count":1,"href":"https:\/\/www.simonis.co.at\/wordpress\/wp-json\/wp\/v2\/pages\/4359\/revisions"}],"predecessor-version":[{"id":4360,"href":"https:\/\/www.simonis.co.at\/wordpress\/wp-json\/wp\/v2\/pages\/4359\/revisions\/4360"}],"up":[{"embeddable":true,"href":"https:\/\/www.simonis.co.at\/wordpress\/wp-json\/wp\/v2\/pages\/1777"}],"wp:featuredmedia":[{"embeddable":true,"href":"https:\/\/www.simonis.co.at\/wordpress\/wp-json\/wp\/v2\/media\/4301"}],"wp:attachment":[{"href":"https:\/\/www.simonis.co.at\/wordpress\/wp-json\/wp\/v2\/media?parent=4359"}],"curies":[{"name":"wp","href":"https:\/\/api.w.org\/{rel}","templated":true}]}}