{"id":4326,"date":"2018-03-20T16:20:39","date_gmt":"2018-03-20T15:20:39","guid":{"rendered":"http:\/\/www.simonis.co.at\/wordpress\/?page_id=4326"},"modified":"2019-05-28T16:00:00","modified_gmt":"2019-05-28T14:00:00","slug":"ein-super-ding","status":"publish","type":"page","link":"https:\/\/www.simonis.co.at\/wordpress\/der-fuhrpark\/arca-p695-glm\/ein-super-ding\/","title":{"rendered":"Ein Super-Ding!"},"content":{"rendered":"<p>Wer kennt das nicht, Handy und Tablet brauchen dringend frischen Saft, w\u00e4hrend man gerade mit dem Womo durch die Landschaft cruist.<\/p>\n<p>Nun, es gibt ja die installierten Zigarettenanz\u00fcnder mit den dazugeh\u00f6rigen Steckern, nur &#8230;. f\u00e4hrt man \u00fcber eine Unebenheit &#8211; schwupps ist der Kontakt schon wieder dahin!<\/p>\n<p>Wir haben dazu etwas ganz feines entdeckt &#8211; nat\u00fcrlich wieder beim &#8222;Platzhirsch&#8220; aller Internetanbieter:<\/p>\n<h4 id=\"title\" class=\"a-size-large a-spacing-none\"><span id=\"productTitle\" class=\"a-size-large\">CARCHET 12V KFZ Dual USB-Zigarettenanz\u00fcnder Adapter Auto Steckdose Ladeger\u00e4t f\u00fcr Navi, Handy, GPS mit Deckel<\/span><\/h4>\n<p>Mittlerweile haben wir an vier verschiedenen Stellen (1x beim Bett, 2x auf der Abstellfl\u00e4che oberhalb der K\u00fchlschranks, 1x im Fahrerhaus), also \u00fcberall erreichbar montiert &#8211; eine USB-Autosteckdose f\u00fcr 12V mit zwei verschiedenen Ausgangsspannungen 1A und 2.1A montiert. Und es funktioniert pr\u00e4chtig, egal ob unterwegs, auf dem Campingplatz oder sonst wo, wir haben nun immer Saft f\u00fcr unsere elektronischen Haustiere. Einziges Manko, die beigelegten Kabelschuhe waren unbrauchbar. Wir haben die Kabel mittels handels\u00fcblicher Kabelschuhen verbunden und mit Schrumpfschlauch isoliert. Das h\u00e4lt super!<\/p>\n<p><a href=\"https:\/\/www.simonis.co.at\/wordpress\/wp-content\/uploads\/61IrzCefIoL._SL1000_.jpg\"><img loading=\"lazy\" decoding=\"async\" class=\"alignnone wp-image-4328 size-medium\" src=\"https:\/\/www.simonis.co.at\/wordpress\/wp-content\/uploads\/61IrzCefIoL._SL1000_-300x300.jpg\" alt=\"\" width=\"300\" height=\"300\" srcset=\"https:\/\/www.simonis.co.at\/wordpress\/wp-content\/uploads\/61IrzCefIoL._SL1000_-300x300.jpg 300w, https:\/\/www.simonis.co.at\/wordpress\/wp-content\/uploads\/61IrzCefIoL._SL1000_-150x150.jpg 150w, https:\/\/www.simonis.co.at\/wordpress\/wp-content\/uploads\/61IrzCefIoL._SL1000_-768x768.jpg 768w, https:\/\/www.simonis.co.at\/wordpress\/wp-content\/uploads\/61IrzCefIoL._SL1000_.jpg 1000w\" sizes=\"auto, (max-width: 300px) 100vw, 300px\" \/><\/a><\/p>\n","protected":false},"excerpt":{"rendered":"<p><a class=\"read-more\" href=\"https:\/\/www.simonis.co.at\/wordpress\/der-fuhrpark\/arca-p695-glm\/ein-super-ding\/\">Read more<\/a><\/p>\n","protected":false},"author":1,"featured_media":4328,"parent":2395,"menu_order":0,"comment_status":"closed","ping_status":"closed","template":"","meta":{"footnotes":""},"class_list":["post-4326","page","type-page","status-publish","has-post-thumbnail","hentry"],"_links":{"self":[{"href":"https:\/\/www.simonis.co.at\/wordpress\/wp-json\/wp\/v2\/pages\/4326","targetHints":{"allow":["GET"]}}],"collection":[{"href":"https:\/\/www.simonis.co.at\/wordpress\/wp-json\/wp\/v2\/pages"}],"about":[{"href":"https:\/\/www.simonis.co.at\/wordpress\/wp-json\/wp\/v2\/types\/page"}],"author":[{"embeddable":true,"href":"https:\/\/www.simonis.co.at\/wordpress\/wp-json\/wp\/v2\/users\/1"}],"replies":[{"embeddable":true,"href":"https:\/\/www.simonis.co.at\/wordpress\/wp-json\/wp\/v2\/comments?post=4326"}],"version-history":[{"count":4,"href":"https:\/\/www.simonis.co.at\/wordpress\/wp-json\/wp\/v2\/pages\/4326\/revisions"}],"predecessor-version":[{"id":4727,"href":"https:\/\/www.simonis.co.at\/wordpress\/wp-json\/wp\/v2\/pages\/4326\/revisions\/4727"}],"up":[{"embeddable":true,"href":"https:\/\/www.simonis.co.at\/wordpress\/wp-json\/wp\/v2\/pages\/2395"}],"wp:featuredmedia":[{"embeddable":true,"href":"https:\/\/www.simonis.co.at\/wordpress\/wp-json\/wp\/v2\/media\/4328"}],"wp:attachment":[{"href":"https:\/\/www.simonis.co.at\/wordpress\/wp-json\/wp\/v2\/media?parent=4326"}],"curies":[{"name":"wp","href":"https:\/\/api.w.org\/{rel}","templated":true}]}}