{"id":3796,"date":"2018-02-26T13:27:12","date_gmt":"2018-02-26T12:27:12","guid":{"rendered":"http:\/\/www.simonis.co.at\/wordpress\/?page_id=3796"},"modified":"2019-05-25T00:59:26","modified_gmt":"2019-05-24T22:59:26","slug":"was-gibt-es-neues","status":"publish","type":"page","link":"https:\/\/www.simonis.co.at\/wordpress\/unsere-reisen\/was-gibt-es-neues\/","title":{"rendered":"2018\/10 Toskana"},"content":{"rendered":"<p>Aus KALIMERA wird CIAO!<\/p>\n<p>So schnell kann sich alles \u00e4ndern. Wir m\u00fcssen unsere geplante Reise &#8222;Einmal Peloponnes rundherum&#8220; verschieben und haben ein n\u00e4heres Ziel gew\u00e4hlt, die Toskana.<\/p>\n<p>Bei mir war beruflich viel los, sodass wir erst jetzt im Herbst so richtig Urlaub machen k\u00f6nnen. Die Umbauarbeiten unserer Badrenovierung haben dann doch l\u00e4nger gedauert, als gedacht.<\/p>\n<p>Da wir mit dem Womo verreisen, f\u00e4llt es uns leicht, Zeit und Ziel unserer Reisen blitzschnell anders festzulegen. Also rollen wir &#8211; anders als gewohnt &#8211; erst Anfang Oktober \u00fcber den Asphalt. Damit werden die Tage k\u00fcrzer und auch unsere Reisezeit.<\/p>\n<p>In den drei Wochen, die vor uns liegen, wollen wir uns so einiges ansehen. Die Route wird bereits skizziert und \u00dcbernachtungspl\u00e4tze ausgew\u00e4hlt. Aber wie hei\u00dft das so sch\u00f6n: Nix is fix!<\/p>\n<p>Wir sind schon gespannt:<\/p>\n<ol>\n<li>WIE das Wetter wohl sein wird?<\/li>\n<li>WO wir letztendlich hinfahren werden?<\/li>\n<\/ol>\n<p>Also, lasst euch \u00fcberraschen! Wir tun&#8217;s ja auch!<\/p>\n<p><a href=\"https:\/\/www.simonis.co.at\/wordpress\/toskana-woche-1\/\">Toskana &#8211; 1. Woche<\/a><\/p>\n<p><a href=\"https:\/\/www.simonis.co.at\/wordpress\/toskana-woche-2\/\">Toskana &#8211; 2. Woche<\/a><\/p>\n<p><a href=\"https:\/\/www.simonis.co.at\/wordpress\/toskana-woche-3\/\">Toskana &#8211; 3. Woche<\/a><\/p>\n","protected":false},"excerpt":{"rendered":"<p><a class=\"read-more\" href=\"https:\/\/www.simonis.co.at\/wordpress\/unsere-reisen\/was-gibt-es-neues\/\">Read more<\/a><\/p>\n","protected":false},"author":1,"featured_media":4357,"parent":2410,"menu_order":0,"comment_status":"closed","ping_status":"closed","template":"","meta":{"footnotes":""},"class_list":["post-3796","page","type-page","status-publish","has-post-thumbnail","hentry"],"_links":{"self":[{"href":"https:\/\/www.simonis.co.at\/wordpress\/wp-json\/wp\/v2\/pages\/3796","targetHints":{"allow":["GET"]}}],"collection":[{"href":"https:\/\/www.simonis.co.at\/wordpress\/wp-json\/wp\/v2\/pages"}],"about":[{"href":"https:\/\/www.simonis.co.at\/wordpress\/wp-json\/wp\/v2\/types\/page"}],"author":[{"embeddable":true,"href":"https:\/\/www.simonis.co.at\/wordpress\/wp-json\/wp\/v2\/users\/1"}],"replies":[{"embeddable":true,"href":"https:\/\/www.simonis.co.at\/wordpress\/wp-json\/wp\/v2\/comments?post=3796"}],"version-history":[{"count":7,"href":"https:\/\/www.simonis.co.at\/wordpress\/wp-json\/wp\/v2\/pages\/3796\/revisions"}],"predecessor-version":[{"id":4691,"href":"https:\/\/www.simonis.co.at\/wordpress\/wp-json\/wp\/v2\/pages\/3796\/revisions\/4691"}],"up":[{"embeddable":true,"href":"https:\/\/www.simonis.co.at\/wordpress\/wp-json\/wp\/v2\/pages\/2410"}],"wp:featuredmedia":[{"embeddable":true,"href":"https:\/\/www.simonis.co.at\/wordpress\/wp-json\/wp\/v2\/media\/4357"}],"wp:attachment":[{"href":"https:\/\/www.simonis.co.at\/wordpress\/wp-json\/wp\/v2\/media?parent=3796"}],"curies":[{"name":"wp","href":"https:\/\/api.w.org\/{rel}","templated":true}]}}