{"id":3648,"date":"2018-03-20T16:08:38","date_gmt":"2018-03-20T15:08:38","guid":{"rendered":"http:\/\/www.simonis.co.at\/wordpress\/?page_id=3648"},"modified":"2019-05-28T15:57:06","modified_gmt":"2019-05-28T13:57:06","slug":"die-alarmanlage","status":"publish","type":"page","link":"https:\/\/www.simonis.co.at\/wordpress\/der-fuhrpark\/arca-p695-glm\/die-alarmanlage\/","title":{"rendered":"Die Alarmanlage"},"content":{"rendered":"<p>Bei unserem Womo ist zwar eine elektrische Zentralverriegelung eingebaut, die sowohl Fahrzeug- als auch Aufbaut\u00fcre verriegelt. F\u00fcr die Sicherheit wollten wir das Womo mit einer Alarmanlage nachr\u00fcsten. Will man das mit g\u00e4ngigen Womo-Modellen tun, kommt das sehr teuer.<\/p>\n<p>Aber es gibt Alternativen. Wir haben uns beim &#8222;Platzhirsch&#8220; aller Interneth\u00e4ndler folgendes System bestellt:<\/p>\n<p><a href=\"https:\/\/www.simonis.co.at\/wordpress\/wp-content\/uploads\/51uTDuRbODL.jpg\"><img loading=\"lazy\" decoding=\"async\" class=\"wp-image-4319 size-medium aligncenter\" src=\"https:\/\/www.simonis.co.at\/wordpress\/wp-content\/uploads\/51uTDuRbODL-300x280.jpg\" alt=\"\" width=\"300\" height=\"280\" srcset=\"https:\/\/www.simonis.co.at\/wordpress\/wp-content\/uploads\/51uTDuRbODL-300x280.jpg 300w, https:\/\/www.simonis.co.at\/wordpress\/wp-content\/uploads\/51uTDuRbODL.jpg 500w\" sizes=\"auto, (max-width: 300px) 100vw, 300px\" \/><\/a><\/p>\n<p>Das Set: Olympia 5940 Protect 6061<\/p>\n<p><a href=\"https:\/\/www.simonis.co.at\/wordpress\/wp-content\/uploads\/61eLSEwdxsL._SL1181_.jpg\"><img loading=\"lazy\" decoding=\"async\" class=\"aligncenter wp-image-4322 size-thumbnail\" src=\"https:\/\/www.simonis.co.at\/wordpress\/wp-content\/uploads\/61eLSEwdxsL._SL1181_-150x150.jpg\" alt=\"\" width=\"150\" height=\"150\" \/><\/a><\/p>\n<p>Drei weitere T\u00fcr-\/Fensterkontakte: Olympia 5907<\/p>\n<p><a href=\"https:\/\/www.simonis.co.at\/wordpress\/wp-content\/uploads\/41ig6N4XuVL.jpg\"><img loading=\"lazy\" decoding=\"async\" class=\"aligncenter wp-image-4320 size-medium\" src=\"https:\/\/www.simonis.co.at\/wordpress\/wp-content\/uploads\/41ig6N4XuVL-250x300.jpg\" alt=\"\" width=\"250\" height=\"300\" srcset=\"https:\/\/www.simonis.co.at\/wordpress\/wp-content\/uploads\/41ig6N4XuVL-250x300.jpg 250w, https:\/\/www.simonis.co.at\/wordpress\/wp-content\/uploads\/41ig6N4XuVL.jpg 416w\" sizes=\"auto, (max-width: 250px) 100vw, 250px\" \/><\/a><\/p>\n<p>Zwei zus\u00e4tzlicher Fernbedienungen : Olympia 5906<\/p>\n<p><a href=\"https:\/\/www.simonis.co.at\/wordpress\/wp-content\/uploads\/61QOCTg9mL._SL1500_.jpg\"><img loading=\"lazy\" decoding=\"async\" class=\"aligncenter wp-image-4323 size-medium\" src=\"https:\/\/www.simonis.co.at\/wordpress\/wp-content\/uploads\/61QOCTg9mL._SL1500_-201x300.jpg\" alt=\"\" width=\"201\" height=\"300\" srcset=\"https:\/\/www.simonis.co.at\/wordpress\/wp-content\/uploads\/61QOCTg9mL._SL1500_-201x300.jpg 201w, https:\/\/www.simonis.co.at\/wordpress\/wp-content\/uploads\/61QOCTg9mL._SL1500_-768x1144.jpg 768w, https:\/\/www.simonis.co.at\/wordpress\/wp-content\/uploads\/61QOCTg9mL._SL1500_-687x1024.jpg 687w, https:\/\/www.simonis.co.at\/wordpress\/wp-content\/uploads\/61QOCTg9mL._SL1500_.jpg 1007w\" sizes=\"auto, (max-width: 201px) 100vw, 201px\" \/><\/a>Aussensirene: Olympia 5918<\/p>\n<p>In Summe waren das 182 \u20ac.\u00a0 Die Montage &#8211; selbst vorgenommen, war eine Bastelei, aber das macht uns sowieso Spa\u00df. Das Einbinden der einzelnen Kontakte ins System ist ein bisserl knifflig, aber wenn man Geduld hat, hat man den Dreh schnell raus.<\/p>\n<p>Wir haben die Kontakte an diversen T\u00fcren und Fenstern montiert. Da die Sirene des Paneels nach au\u00dfen nicht sehr laut zu h\u00f6ren war, haben wir noch zus\u00e4tzlich eine Sirene beim Fahrzeugboden angebracht. Das Panel wird an unseren kleinen 150W Konverter angeschlossen, verf\u00fcgt aber zus\u00e4tzlich noch \u00fcber Batterien.\u00a0 Wir schalten die Alarmanlage ein, wenn wir das Womo verlassen, bzw. w\u00e4hrend der Nacht, wenn wir uns nicht sicher f\u00fchlen. Bisher ist nichts passiert, aber dennoch gibt uns die Anlage ein Gef\u00fchl der Sicherheit.<\/p>\n","protected":false},"excerpt":{"rendered":"<p><a class=\"read-more\" href=\"https:\/\/www.simonis.co.at\/wordpress\/der-fuhrpark\/arca-p695-glm\/die-alarmanlage\/\">Read more<\/a><\/p>\n","protected":false},"author":1,"featured_media":4319,"parent":2395,"menu_order":0,"comment_status":"closed","ping_status":"closed","template":"","meta":{"footnotes":""},"class_list":["post-3648","page","type-page","status-publish","has-post-thumbnail","hentry"],"_links":{"self":[{"href":"https:\/\/www.simonis.co.at\/wordpress\/wp-json\/wp\/v2\/pages\/3648","targetHints":{"allow":["GET"]}}],"collection":[{"href":"https:\/\/www.simonis.co.at\/wordpress\/wp-json\/wp\/v2\/pages"}],"about":[{"href":"https:\/\/www.simonis.co.at\/wordpress\/wp-json\/wp\/v2\/types\/page"}],"author":[{"embeddable":true,"href":"https:\/\/www.simonis.co.at\/wordpress\/wp-json\/wp\/v2\/users\/1"}],"replies":[{"embeddable":true,"href":"https:\/\/www.simonis.co.at\/wordpress\/wp-json\/wp\/v2\/comments?post=3648"}],"version-history":[{"count":6,"href":"https:\/\/www.simonis.co.at\/wordpress\/wp-json\/wp\/v2\/pages\/3648\/revisions"}],"predecessor-version":[{"id":4725,"href":"https:\/\/www.simonis.co.at\/wordpress\/wp-json\/wp\/v2\/pages\/3648\/revisions\/4725"}],"up":[{"embeddable":true,"href":"https:\/\/www.simonis.co.at\/wordpress\/wp-json\/wp\/v2\/pages\/2395"}],"wp:featuredmedia":[{"embeddable":true,"href":"https:\/\/www.simonis.co.at\/wordpress\/wp-json\/wp\/v2\/media\/4319"}],"wp:attachment":[{"href":"https:\/\/www.simonis.co.at\/wordpress\/wp-json\/wp\/v2\/media?parent=3648"}],"curies":[{"name":"wp","href":"https:\/\/api.w.org\/{rel}","templated":true}]}}