{"id":2413,"date":"2016-08-17T14:49:12","date_gmt":"2016-08-17T12:49:12","guid":{"rendered":"http:\/\/www.simonis.co.at\/wordpress\/?page_id=2413"},"modified":"2019-05-25T02:00:15","modified_gmt":"2019-05-25T00:00:15","slug":"2016-2","status":"publish","type":"page","link":"https:\/\/www.simonis.co.at\/wordpress\/unsere-reisen\/2016-2\/","title":{"rendered":"2016\/09 Frankreich\/Spanien"},"content":{"rendered":"<p>Wir sind am Planen unserer n\u00e4chsten Tour, aber das Ziel steht noch nicht eindeutig fest. Derzeit tr\u00e4umen wir von vier Wochen S\u00fcd-West Frankreich mit einem kurzen Abstecher nach Nordspanien.<\/p>\n<p>Wird unser Neuer die Einb\u00fcrgerung rechtzeitig schaffen? Wie steht es mit dem Wetter? Wie sieht die politische Lage aus?&nbsp;Mal sehen, wenn alle Stricke rei\u00dfen, wird es &nbsp;vielleicht doch die abgespeckte Version: drei Wochen Toskana mit Cinque Terre oder gar das sonnensichere Sardinien?<\/p>\n<p>Der gro\u00dfe Vorteil am Reisen mit eigenem Wohnmobil ist die totale Ungebundenheit. Wir fahren wohin der Wind uns tr\u00e4gt, bleiben stehen, wo es uns gef\u00e4llt und genie\u00dfen und genie\u00dfen und &#8230;<\/p>\n<h4>Los gehts<\/h4>\n<p>Frankreich, wir kommen. Nachdem endlich alle Vorbereitungen abgeschlossen sind, werden wir uns Sonntag, den 28.8. auf den Weg machen. Diesmal zieht es uns wieder in den Westen besser gesagt in den S\u00fcdwesten Frankreichs. Vor drei Jahren haben wir die C\u00f4te d&#8217;Azur unsicher gemacht, diesmal wollen wir die Mitte Frankreichs erkunden, bis hin zum Atlantik. Wir sind schon sehr gespannt.<\/p>\n<p>Das Beitragsbild zeigt das Zentrum von Sarlat. Dieses kleine St\u00e4dtchen liegt im Perigord, einer Region, die durch Martin Walkers Kriminalromane bekannt wurde. Jetzt wollen wir mit eigenen Augen sehen, wor\u00fcber wir schon so viel gelesen haben.<\/p>\n<p>Wenn ihr wollt,dann begleitet uns!<\/p>\n<p>&nbsp;<\/p>\n","protected":false},"excerpt":{"rendered":"<p><a class=\"read-more\" href=\"https:\/\/www.simonis.co.at\/wordpress\/unsere-reisen\/2016-2\/\">Read more<\/a><\/p>\n","protected":false},"author":1,"featured_media":2421,"parent":2410,"menu_order":0,"comment_status":"closed","ping_status":"closed","template":"","meta":{"footnotes":""},"class_list":["post-2413","page","type-page","status-publish","has-post-thumbnail","hentry"],"_links":{"self":[{"href":"https:\/\/www.simonis.co.at\/wordpress\/wp-json\/wp\/v2\/pages\/2413","targetHints":{"allow":["GET"]}}],"collection":[{"href":"https:\/\/www.simonis.co.at\/wordpress\/wp-json\/wp\/v2\/pages"}],"about":[{"href":"https:\/\/www.simonis.co.at\/wordpress\/wp-json\/wp\/v2\/types\/page"}],"author":[{"embeddable":true,"href":"https:\/\/www.simonis.co.at\/wordpress\/wp-json\/wp\/v2\/users\/1"}],"replies":[{"embeddable":true,"href":"https:\/\/www.simonis.co.at\/wordpress\/wp-json\/wp\/v2\/comments?post=2413"}],"version-history":[{"count":9,"href":"https:\/\/www.simonis.co.at\/wordpress\/wp-json\/wp\/v2\/pages\/2413\/revisions"}],"predecessor-version":[{"id":4713,"href":"https:\/\/www.simonis.co.at\/wordpress\/wp-json\/wp\/v2\/pages\/2413\/revisions\/4713"}],"up":[{"embeddable":true,"href":"https:\/\/www.simonis.co.at\/wordpress\/wp-json\/wp\/v2\/pages\/2410"}],"wp:featuredmedia":[{"embeddable":true,"href":"https:\/\/www.simonis.co.at\/wordpress\/wp-json\/wp\/v2\/media\/2421"}],"wp:attachment":[{"href":"https:\/\/www.simonis.co.at\/wordpress\/wp-json\/wp\/v2\/media?parent=2413"}],"curies":[{"name":"wp","href":"https:\/\/api.w.org\/{rel}","templated":true}]}}