{"id":1938,"date":"2015-08-19T16:29:23","date_gmt":"2015-08-19T14:29:23","guid":{"rendered":"http:\/\/www.simonis.co.at\/wordpress\/?page_id=1938"},"modified":"2019-05-25T01:57:41","modified_gmt":"2019-05-24T23:57:41","slug":"korsika-2015","status":"publish","type":"page","link":"https:\/\/www.simonis.co.at\/wordpress\/unsere-reisen\/korsika-2015\/","title":{"rendered":"2015\/09 Korsika"},"content":{"rendered":"<p>Nun ist es wieder einmal soweit, mit neuen Reifen, frischer Batterie und vollgepackt mit allem, was f\u00fcr eine Reise wichtig ist, parkt unser WoMo vor der T\u00fcre. Sogar unser neues Moped wurde von Egbert fachm\u00e4nnisch verzurrt, damit wir w\u00e4hrend der Reise flexibler sind.<\/p>\n<p>Vier Wochen liegen vor uns. Auf der Hinfahrt planen wir Padua zu besichtigen, die Oper Aida in der Arena di Verona &nbsp;und Pisa einen Kurzbesuch abzustatten, bevor wir in Livorno die F\u00e4hre Richtung Bastia erklimmen.<\/p>\n<p>Am Freitag, den 21. August geht es los, zumindest planen wir am Morgen Richtung S\u00fcden aufzubrechen. Unser erster \u00dcbernachtungsplatz ist ein Campingplatz in Lignano Sabbadioro, den kennen wir schon von unserer S\u00fcdfrankreich Reise.<\/p>\n<p>&nbsp;<\/p>\n<h2><\/h2>\n","protected":false},"excerpt":{"rendered":"<p><a class=\"read-more\" href=\"https:\/\/www.simonis.co.at\/wordpress\/unsere-reisen\/korsika-2015\/\">Read more<\/a><\/p>\n","protected":false},"author":1,"featured_media":1955,"parent":2410,"menu_order":0,"comment_status":"closed","ping_status":"closed","template":"","meta":{"footnotes":""},"class_list":["post-1938","page","type-page","status-publish","has-post-thumbnail","hentry"],"_links":{"self":[{"href":"https:\/\/www.simonis.co.at\/wordpress\/wp-json\/wp\/v2\/pages\/1938","targetHints":{"allow":["GET"]}}],"collection":[{"href":"https:\/\/www.simonis.co.at\/wordpress\/wp-json\/wp\/v2\/pages"}],"about":[{"href":"https:\/\/www.simonis.co.at\/wordpress\/wp-json\/wp\/v2\/types\/page"}],"author":[{"embeddable":true,"href":"https:\/\/www.simonis.co.at\/wordpress\/wp-json\/wp\/v2\/users\/1"}],"replies":[{"embeddable":true,"href":"https:\/\/www.simonis.co.at\/wordpress\/wp-json\/wp\/v2\/comments?post=1938"}],"version-history":[{"count":11,"href":"https:\/\/www.simonis.co.at\/wordpress\/wp-json\/wp\/v2\/pages\/1938\/revisions"}],"predecessor-version":[{"id":4711,"href":"https:\/\/www.simonis.co.at\/wordpress\/wp-json\/wp\/v2\/pages\/1938\/revisions\/4711"}],"up":[{"embeddable":true,"href":"https:\/\/www.simonis.co.at\/wordpress\/wp-json\/wp\/v2\/pages\/2410"}],"wp:featuredmedia":[{"embeddable":true,"href":"https:\/\/www.simonis.co.at\/wordpress\/wp-json\/wp\/v2\/media\/1955"}],"wp:attachment":[{"href":"https:\/\/www.simonis.co.at\/wordpress\/wp-json\/wp\/v2\/media?parent=1938"}],"curies":[{"name":"wp","href":"https:\/\/api.w.org\/{rel}","templated":true}]}}