{"id":1777,"date":"2014-09-01T13:25:53","date_gmt":"2014-09-01T11:25:53","guid":{"rendered":"http:\/\/www.simonis.co.at\/wordpress\/?page_id=1777"},"modified":"2021-09-04T18:17:09","modified_gmt":"2021-09-04T16:17:09","slug":"sardinien-2014","status":"publish","type":"page","link":"https:\/\/www.simonis.co.at\/wordpress\/unsere-reisen\/sardinien-2014\/","title":{"rendered":"2014\/09 Sardinien"},"content":{"rendered":"<p>Str\u00e4nde, Buchten, Nuraghen, Grotten, Kirchen, Macchia und dazu t\u00fcrkisblaues Meer, das ist Sardinien.<\/p>\n<p>Zugegeben, die Insel liegt ein bisschen abseits und somit ist twas Aufwand n\u00f6tig um dorthin zu gelangen, aber &#8230; wir stellen fest, es lohnt sich.<\/p>\n<p>Also, falls ihr dazu Lust habt, wir laden euch ein, uns auf dieser Reise zu begleiten. Schnecki ist der ideale Reisegef\u00e4hrte f\u00fcr zwei Personen, bei mehr, wirds ein bisserl eng. Deshalb die Alternative, genie\u00dft die Reise zu Hause, bequem am Laptop, Tablet oder Computer und staunt, welch sch\u00f6ne Fleckchen unsere Erde, speziell Europa f\u00fcr Reiselustige zu bieten hat.<\/p>\n\n\n<p><a href=\"https:\/\/www.simonis.co.at\/wordpress\/unsere-reisen\/sardinien-2014\/etappe-1\/\">Hier geht es zur 1. Etappe.<\/a><\/p>\n","protected":false},"excerpt":{"rendered":"<p><a class=\"read-more\" href=\"https:\/\/www.simonis.co.at\/wordpress\/unsere-reisen\/sardinien-2014\/\">Read more<\/a><\/p>\n","protected":false},"author":1,"featured_media":1795,"parent":2410,"menu_order":0,"comment_status":"closed","ping_status":"open","template":"","meta":{"footnotes":""},"class_list":["post-1777","page","type-page","status-publish","has-post-thumbnail","hentry"],"_links":{"self":[{"href":"https:\/\/www.simonis.co.at\/wordpress\/wp-json\/wp\/v2\/pages\/1777","targetHints":{"allow":["GET"]}}],"collection":[{"href":"https:\/\/www.simonis.co.at\/wordpress\/wp-json\/wp\/v2\/pages"}],"about":[{"href":"https:\/\/www.simonis.co.at\/wordpress\/wp-json\/wp\/v2\/types\/page"}],"author":[{"embeddable":true,"href":"https:\/\/www.simonis.co.at\/wordpress\/wp-json\/wp\/v2\/users\/1"}],"replies":[{"embeddable":true,"href":"https:\/\/www.simonis.co.at\/wordpress\/wp-json\/wp\/v2\/comments?post=1777"}],"version-history":[{"count":9,"href":"https:\/\/www.simonis.co.at\/wordpress\/wp-json\/wp\/v2\/pages\/1777\/revisions"}],"predecessor-version":[{"id":7325,"href":"https:\/\/www.simonis.co.at\/wordpress\/wp-json\/wp\/v2\/pages\/1777\/revisions\/7325"}],"up":[{"embeddable":true,"href":"https:\/\/www.simonis.co.at\/wordpress\/wp-json\/wp\/v2\/pages\/2410"}],"wp:featuredmedia":[{"embeddable":true,"href":"https:\/\/www.simonis.co.at\/wordpress\/wp-json\/wp\/v2\/media\/1795"}],"wp:attachment":[{"href":"https:\/\/www.simonis.co.at\/wordpress\/wp-json\/wp\/v2\/media?parent=1777"}],"curies":[{"name":"wp","href":"https:\/\/api.w.org\/{rel}","templated":true}]}}