{"id":125,"date":"2013-09-08T18:07:51","date_gmt":"2013-09-08T16:07:51","guid":{"rendered":"http:\/\/www.simonis.co.at\/wordpress\/?page_id=125"},"modified":"2020-10-19T17:02:39","modified_gmt":"2020-10-19T15:02:39","slug":"auf-und-davon","status":"publish","type":"page","link":"https:\/\/www.simonis.co.at\/wordpress\/unsere-reisen\/auf-und-davon\/","title":{"rendered":"2013\/09 S\u00fcdfrankreich"},"content":{"rendered":"<p><strong>Eine kurze Einleitung<\/strong><\/p>\n<p>Normalerweise planen wir unsere Reisen stets 12 Monate im Voraus. Das hei\u00dft, wir entscheiden, wann wir verreisen, wollen, in welches Land und dann geht es los. Egbert legt die Route fest, das Datum f\u00fcr Abreise und R\u00fcckreise, dann werden die Fl\u00fcge gebucht, die Quartiere, der Mietwagen und schlie\u00dflich \u00fcberlegt was wir uns dabei ansehen werden.<\/p>\n<p>Diesmal war alles anders, denn im Juni heirateten Christoph und Pia am Mondsee. Dieses Ereignis war nat\u00fcrlich das wichtigste in diesem Jahr, deshalb blieb unsere Reiseplanung auf der Strecke. Im Juli \u00fcberlegten wir, dass wir eigentlich doch noch gerne wegfahren w\u00fcrden aber wohin? Dabei wurde die Idee S\u00fcdfrankreich geboren. Danach begann ich zu \u00fcberlegen und kam zu dem Schluss &#8211; ideal dazu w\u00e4re ein WoMo. \u00a0Also meines Bruders WoMo ausgeborgt, getestet, ein eigenes gekauft und schon sind wir mitten drin in der Geschichte.<\/p>\n<p>Hier findet ihr alle LOGBUCH Eintr\u00e4ge zu unserer Reise, chronologisch geordnet!<\/p>\n<p><a href=\"https:\/\/www.simonis.co.at\/wordpress\/unsere-reisen\/auf-und-davon\/woche-1\/\">Woche 1<\/a><\/p>\n<p><a href=\"https:\/\/www.simonis.co.at\/wordpress\/unsere-reisen\/auf-und-davon\/woche-2\/\">Woche 2<\/a><\/p>\n<p><a href=\"https:\/\/www.simonis.co.at\/wordpress\/unsere-reisen\/auf-und-davon\/woche-3\/\">Woche 3<\/a><\/p>\n<p><a style=\"display: inline !important;\" href=\"https:\/\/www.simonis.co.at\/wordpress\/wp-content\/uploads\/DSCF4701.jpg\"><img loading=\"lazy\" decoding=\"async\" class=\"size-medium wp-image-120\" src=\"https:\/\/www.simonis.co.at\/wordpress\/wp-content\/uploads\/DSCF4701-300x169.jpg\" alt=\"Egbert an der Service Klappe\" width=\"300\" height=\"169\" srcset=\"https:\/\/www.simonis.co.at\/wordpress\/wp-content\/uploads\/DSCF4701-300x169.jpg 300w, https:\/\/www.simonis.co.at\/wordpress\/wp-content\/uploads\/DSCF4701.jpg 1024w\" sizes=\"auto, (max-width: 300px) 100vw, 300px\" \/><\/a><\/p>\n<p><em>Egbert an der Service Klappe<\/em><\/p>\n","protected":false},"excerpt":{"rendered":"<p><a class=\"read-more\" href=\"https:\/\/www.simonis.co.at\/wordpress\/unsere-reisen\/auf-und-davon\/\">Read more<\/a><\/p>\n","protected":false},"author":1,"featured_media":810,"parent":2410,"menu_order":0,"comment_status":"closed","ping_status":"open","template":"","meta":{"footnotes":""},"class_list":["post-125","page","type-page","status-publish","has-post-thumbnail","hentry"],"_links":{"self":[{"href":"https:\/\/www.simonis.co.at\/wordpress\/wp-json\/wp\/v2\/pages\/125","targetHints":{"allow":["GET"]}}],"collection":[{"href":"https:\/\/www.simonis.co.at\/wordpress\/wp-json\/wp\/v2\/pages"}],"about":[{"href":"https:\/\/www.simonis.co.at\/wordpress\/wp-json\/wp\/v2\/types\/page"}],"author":[{"embeddable":true,"href":"https:\/\/www.simonis.co.at\/wordpress\/wp-json\/wp\/v2\/users\/1"}],"replies":[{"embeddable":true,"href":"https:\/\/www.simonis.co.at\/wordpress\/wp-json\/wp\/v2\/comments?post=125"}],"version-history":[{"count":13,"href":"https:\/\/www.simonis.co.at\/wordpress\/wp-json\/wp\/v2\/pages\/125\/revisions"}],"predecessor-version":[{"id":7314,"href":"https:\/\/www.simonis.co.at\/wordpress\/wp-json\/wp\/v2\/pages\/125\/revisions\/7314"}],"up":[{"embeddable":true,"href":"https:\/\/www.simonis.co.at\/wordpress\/wp-json\/wp\/v2\/pages\/2410"}],"wp:featuredmedia":[{"embeddable":true,"href":"https:\/\/www.simonis.co.at\/wordpress\/wp-json\/wp\/v2\/media\/810"}],"wp:attachment":[{"href":"https:\/\/www.simonis.co.at\/wordpress\/wp-json\/wp\/v2\/media?parent=125"}],"curies":[{"name":"wp","href":"https:\/\/api.w.org\/{rel}","templated":true}]}}