{"id":1142,"date":"2014-05-06T22:36:51","date_gmt":"2014-05-06T20:36:51","guid":{"rendered":"http:\/\/www.simonis.co.at\/wordpress\/?page_id=1142"},"modified":"2017-04-28T09:10:34","modified_gmt":"2017-04-28T07:10:34","slug":"maerchenwald-und-wassermann","status":"publish","type":"page","link":"https:\/\/www.simonis.co.at\/wordpress\/unsere-reisen\/maerchenwald-und-wassermann\/","title":{"rendered":"2014\/05 Steiermark"},"content":{"rendered":"<h3><em><strong>M\u00e4rchenwald und Wassermann<\/strong><\/em><\/h3>\n<p>Am langen ersten Mai-Wochenende haben Pamina und ich mit dem Womo \u00a0die Obersteiermark erkundet. Dabei sind wir durch Zauberw\u00e4lder und \u00fcber M\u00e4rchenwiesen gestreift und haben tief im Erzberg den Wassermann getroffen.<\/p>\n<p><strong>Donnerstag, 1. Mai 2014<\/strong> (Wien &#8211; Joachimsberg):<\/p>\n<p>Am\u00a0Vormittag holen wir Schnecki aus dem Winterschlaf. Das geht erstaunlich schnell, Batterien anschlie\u00dfen, K\u00fchlschrank bef\u00fcllen, W\u00e4sche und Bettzeug einr\u00e4umen, Schuhe und Regenjacken nicht vergessen, Nummerntafel umsetzen, Autos rangieren, Schnecki Motor starten und nach zwei Stunden\u00a0sind wir auf Achse.<\/p>\n<figure id=\"attachment_1254\" aria-describedby=\"caption-attachment-1254\" style=\"width: 169px\" class=\"wp-caption alignnone\"><a href=\"https:\/\/www.simonis.co.at\/wordpress\/wp-content\/uploads\/DSCF6574.jpg\"><img loading=\"lazy\" decoding=\"async\" class=\"wp-image-1254 size-medium\" src=\"https:\/\/www.simonis.co.at\/wordpress\/wp-content\/uploads\/DSCF6574-169x300.jpg\" alt=\"DSCF6574\" width=\"169\" height=\"300\" srcset=\"https:\/\/www.simonis.co.at\/wordpress\/wp-content\/uploads\/DSCF6574-169x300.jpg 169w, https:\/\/www.simonis.co.at\/wordpress\/wp-content\/uploads\/DSCF6574.jpg 577w\" sizes=\"auto, (max-width: 169px) 100vw, 169px\" \/><\/a><figcaption id=\"caption-attachment-1254\" class=\"wp-caption-text\">Und los geht&#8217;s!<\/figcaption><\/figure>\n<p>Unser erster Stopp ist der\u00a0Joachimsberg, das\u00a0Wochenendh\u00e4uschen einer befreundeten Familie, wundersch\u00f6n gelegen, mit einem herrlichen Blick auf die \u00d6tscherwelt.\u00a0Am Nachmittag spazieren wir durch das D\u00f6rfchen, gr\u00fc\u00dfen alle Einwohner und Wochenendhausbesitzer aufs Freundlichste und nach einem genussvollen Abendessen beziehen wir unser WoMo, das am Stra\u00dfenrand abgestellt war.<\/p>\n<p><strong>Freitag, 2. Mai 2014<\/strong> (Joachimsberg &#8211; Mariazell &#8211; G\u00f6stling a.d. Ybbs):<\/p>\n<p>Nach einer angenehmen Nachtruhe und einem ausgiebigen Fr\u00fchst\u00fcck machen wir uns auf den Weg nach Mariazell, das gleich ums Eck liegt.<\/p>\n<figure id=\"attachment_1121\" aria-describedby=\"caption-attachment-1121\" style=\"width: 283px\" class=\"wp-caption alignnone\"><a href=\"https:\/\/www.simonis.co.at\/wordpress\/wp-content\/uploads\/DSCF6271.jpg\"><img loading=\"lazy\" decoding=\"async\" class=\"size-medium wp-image-1121\" src=\"https:\/\/www.simonis.co.at\/wordpress\/wp-content\/uploads\/DSCF6271-283x300.jpg\" alt=\"Die Basilika thront \u00fcber dem Wallfahrtsort.\" width=\"283\" height=\"300\" srcset=\"https:\/\/www.simonis.co.at\/wordpress\/wp-content\/uploads\/DSCF6271-283x300.jpg 283w, https:\/\/www.simonis.co.at\/wordpress\/wp-content\/uploads\/DSCF6271.jpg 768w\" sizes=\"auto, (max-width: 283px) 100vw, 283px\" \/><\/a><figcaption id=\"caption-attachment-1121\" class=\"wp-caption-text\">Die Basilika thront \u00fcber dem Wallfahrtsort.<\/figcaption><\/figure>\n<p>Wir besuchen die Basilika, bestaunen die Devotionalienst\u00e4nde, kaufen Original Mariazeller Lebkuchen und machen noch einen kurzen Abstecher zum Friedhof, n\u00e4heres, siehe <a title=\"Impressionen aus Mariazell\" href=\"https:\/\/www.simonis.co.at\/wordpress\/?p=1138\">Impressionen aus Mariazell<\/a>. Nach einem Mittagessen ging\u00a0es weiter Richtung G\u00f6stling an der Ybbs zur Erlebniswelt\u00a0Mendlingtal, eine der letzten Holztriftanlagen Mitteleuropas. Die Steinkastenklause war bis 1992 in Betrieb, dann zerst\u00f6rte ein Hochwasser die Anlage. Seit Jahrhunderten wurde hier Holz gef\u00e4llt und dann mit Wasserkraft getriftet um Holzkohle zu erzeugen. damit wurde das Eisen aus dem Roheisen der Eisenerz herausgeschmolzen und im Hammerwerk verarbeitet.<\/p>\n<p><a href=\"https:\/\/www.simonis.co.at\/wordpress\/wp-content\/uploads\/DSCF64121.jpg\"><img loading=\"lazy\" decoding=\"async\" class=\"alignnone size-medium wp-image-1218\" src=\"https:\/\/www.simonis.co.at\/wordpress\/wp-content\/uploads\/DSCF64121-300x168.jpg\" alt=\"DSCF6412\" width=\"300\" height=\"168\" srcset=\"https:\/\/www.simonis.co.at\/wordpress\/wp-content\/uploads\/DSCF64121-300x168.jpg 300w, https:\/\/www.simonis.co.at\/wordpress\/wp-content\/uploads\/DSCF64121.jpg 1024w\" sizes=\"auto, (max-width: 300px) 100vw, 300px\" \/><\/a><\/p>\n<p>Obwohl es sp\u00e4ter Nachmittag ist, machen wir uns auf den Weg. Es nieselt leicht, aber das st\u00f6rt nicht, denn wir werden f\u00fcr unsere &#8222;M\u00fchen&#8220; in wundersamer Weise belohnt.\u00a0\u00a0\u00a0\u00dcber gut abgesicherte Hangstege und Holzbr\u00fccken entlang an verschlungenen Bachl\u00e4ufen gelangt man hinein bis zum Anfang des Tales und f\u00fchlt sich, wie in einem Zauberwald,\u00a0Sshau nach bei <a title=\"Wandern im Mendlingtal\" href=\"https:\/\/www.simonis.co.at\/wordpress\/?p=1246\">Wandern im Mendlingtal<\/a>. Danach geht es schnurstracks zur\u00fcck zum Schnecki, wo wir bei hei\u00dfem Tee und K\u00e4segriller den Tag ausklingen lassen. Das Trommeln des str\u00f6menden Regens wiegt uns in den Schlaf.<\/p>\n<p><strong>Samstag, 3. Mai 2014<\/strong> (G\u00f6stling a.d. Ybbs &#8211; Admont &#8211; W\u00f6rschachklamm &#8211; Eisenerz):<\/p>\n<figure id=\"attachment_1346\" aria-describedby=\"caption-attachment-1346\" style=\"width: 300px\" class=\"wp-caption alignnone\"><a href=\"https:\/\/www.simonis.co.at\/wordpress\/wp-content\/uploads\/DSCF6607.jpg\"><img loading=\"lazy\" decoding=\"async\" class=\"size-medium wp-image-1346\" src=\"https:\/\/www.simonis.co.at\/wordpress\/wp-content\/uploads\/DSCF6607-300x168.jpg\" alt=\"... eine Tasse hei\u00dfe Schokolade weckt stets die Lebensgeister ...\" width=\"300\" height=\"168\" srcset=\"https:\/\/www.simonis.co.at\/wordpress\/wp-content\/uploads\/DSCF6607-300x168.jpg 300w, https:\/\/www.simonis.co.at\/wordpress\/wp-content\/uploads\/DSCF6607.jpg 1024w\" sizes=\"auto, (max-width: 300px) 100vw, 300px\" \/><\/a><figcaption id=\"caption-attachment-1346\" class=\"wp-caption-text\">&#8230; eine Tasse hei\u00dfe Schokolade weckt stets die Lebensgeister &#8230;<\/figcaption><\/figure>\n<p>Als wir erwachen regnet es noch immer heftig. Also beschlie\u00dfen wir bei einem gem\u00fctlichen Fr\u00fchst\u00fcck ein Indoorziel anzupeilen, das Stift Admont. Nachdem alles verstaut ist geht es schon los, mitten durch die Steiermark, hinein ins Ges\u00e4use.<\/p>\n<figure id=\"attachment_1283\" aria-describedby=\"caption-attachment-1283\" style=\"width: 300px\" class=\"wp-caption alignnone\"><a href=\"https:\/\/www.simonis.co.at\/wordpress\/wp-content\/uploads\/DSCF6455.jpg\"><img loading=\"lazy\" decoding=\"async\" class=\"wp-image-1283 size-medium\" src=\"https:\/\/www.simonis.co.at\/wordpress\/wp-content\/uploads\/DSCF6455-300x130.jpg\" alt=\"DSCF6455\" width=\"300\" height=\"130\" srcset=\"https:\/\/www.simonis.co.at\/wordpress\/wp-content\/uploads\/DSCF6455-300x130.jpg 300w, https:\/\/www.simonis.co.at\/wordpress\/wp-content\/uploads\/DSCF6455.jpg 1024w\" sizes=\"auto, (max-width: 300px) 100vw, 300px\" \/><\/a><figcaption id=\"caption-attachment-1283\" class=\"wp-caption-text\">Durch die Steiermark<\/figcaption><\/figure>\n<figure id=\"attachment_1256\" aria-describedby=\"caption-attachment-1256\" style=\"width: 300px\" class=\"wp-caption alignnone\"><a href=\"https:\/\/www.simonis.co.at\/wordpress\/wp-content\/uploads\/DSCF6572.jpg\"><img loading=\"lazy\" decoding=\"async\" class=\"wp-image-1256 size-medium\" src=\"https:\/\/www.simonis.co.at\/wordpress\/wp-content\/uploads\/DSCF6572-300x168.jpg\" alt=\"DSCF6572\" width=\"300\" height=\"168\" srcset=\"https:\/\/www.simonis.co.at\/wordpress\/wp-content\/uploads\/DSCF6572-300x168.jpg 300w, https:\/\/www.simonis.co.at\/wordpress\/wp-content\/uploads\/DSCF6572.jpg 1024w\" sizes=\"auto, (max-width: 300px) 100vw, 300px\" \/><\/a><figcaption id=\"caption-attachment-1256\" class=\"wp-caption-text\">Das Ges\u00e4use<\/figcaption><\/figure>\n<figure id=\"attachment_1278\" aria-describedby=\"caption-attachment-1278\" style=\"width: 300px\" class=\"wp-caption alignnone\"><a href=\"https:\/\/www.simonis.co.at\/wordpress\/wp-content\/uploads\/DSCF6474.jpg\"><img loading=\"lazy\" decoding=\"async\" class=\"size-medium wp-image-1278\" src=\"https:\/\/www.simonis.co.at\/wordpress\/wp-content\/uploads\/DSCF6474-300x184.jpg\" alt=\"Stiftskirche Admont\" width=\"300\" height=\"184\" srcset=\"https:\/\/www.simonis.co.at\/wordpress\/wp-content\/uploads\/DSCF6474-300x184.jpg 300w, https:\/\/www.simonis.co.at\/wordpress\/wp-content\/uploads\/DSCF6474.jpg 1024w\" sizes=\"auto, (max-width: 300px) 100vw, 300px\" \/><\/a><figcaption id=\"caption-attachment-1278\" class=\"wp-caption-text\">Stiftskirche Admont<\/figcaption><\/figure>\n<p>Nach dem Besuch\u00a0der gr\u00f6\u00dften Klosterbibliothek der Welt\u00a0wollen wir noch einmal unser Gl\u00fcck wagen und brechen zur W\u00f6rschachklamm auf, schau nach bei <a title=\"In der Klamm\" href=\"https:\/\/www.simonis.co.at\/wordpress\/?p=1290\">In der Klamm<\/a>.<\/p>\n<p><a href=\"https:\/\/www.simonis.co.at\/wordpress\/wp-content\/uploads\/DSCF6437.jpg\"><img loading=\"lazy\" decoding=\"async\" class=\"alignnone size-medium wp-image-1287\" src=\"https:\/\/www.simonis.co.at\/wordpress\/wp-content\/uploads\/DSCF6437-300x204.jpg\" alt=\"DSCF6437\" width=\"300\" height=\"204\" srcset=\"https:\/\/www.simonis.co.at\/wordpress\/wp-content\/uploads\/DSCF6437-300x204.jpg 300w, https:\/\/www.simonis.co.at\/wordpress\/wp-content\/uploads\/DSCF6437.jpg 1024w\" sizes=\"auto, (max-width: 300px) 100vw, 300px\" \/><\/a><\/p>\n<p>Diesmal sitzt Pamina am Steuer.\u00a0Dort\u00a0angekommen machen wir uns auf den Weg, und stehen vor verschlossener T\u00fcre.<\/p>\n<figure id=\"attachment_1269\" aria-describedby=\"caption-attachment-1269\" style=\"width: 300px\" class=\"wp-caption alignnone\"><a href=\"https:\/\/www.simonis.co.at\/wordpress\/wp-content\/uploads\/DSCF6519.jpg\"><img loading=\"lazy\" decoding=\"async\" class=\"wp-image-1269 size-medium\" src=\"https:\/\/www.simonis.co.at\/wordpress\/wp-content\/uploads\/DSCF6519-300x205.jpg\" alt=\"Wir waren etwas ratlos ...\" width=\"300\" height=\"205\" srcset=\"https:\/\/www.simonis.co.at\/wordpress\/wp-content\/uploads\/DSCF6519-300x205.jpg 300w, https:\/\/www.simonis.co.at\/wordpress\/wp-content\/uploads\/DSCF6519.jpg 1024w\" sizes=\"auto, (max-width: 300px) 100vw, 300px\" \/><\/a><figcaption id=\"caption-attachment-1269\" class=\"wp-caption-text\">Wir waren etwas ratlos &#8230;<\/figcaption><\/figure>\n<p>Was sollen wir tun? Dann entschlie\u00dfen wir uns, vorsichtig weiterzugehen. Jeder Steig wird einzeln erklommen, wir halten uns ganz nahe an der Felswand und klettern weiter.\u00a0Die Kulisse l\u00e4sst einen verstummen, nicht nur aufgrund des tosenden Wassers, sondern auch, weil es so gewaltig sch\u00f6n ist.<\/p>\n<figure id=\"attachment_1275\" aria-describedby=\"caption-attachment-1275\" style=\"width: 300px\" class=\"wp-caption alignnone\"><a href=\"https:\/\/www.simonis.co.at\/wordpress\/wp-content\/uploads\/DSCF6481.jpg\"><img loading=\"lazy\" decoding=\"async\" class=\"wp-image-1275 size-medium\" src=\"https:\/\/www.simonis.co.at\/wordpress\/wp-content\/uploads\/DSCF6481-300x169.jpg\" alt=\"...zwischen tosenden Wasserb\u00e4chen ...\" width=\"300\" height=\"169\" srcset=\"https:\/\/www.simonis.co.at\/wordpress\/wp-content\/uploads\/DSCF6481-300x169.jpg 300w, https:\/\/www.simonis.co.at\/wordpress\/wp-content\/uploads\/DSCF6481.jpg 1024w\" sizes=\"auto, (max-width: 300px) 100vw, 300px\" \/><\/a><figcaption id=\"caption-attachment-1275\" class=\"wp-caption-text\">&#8230;zwischen tosenden Wasserb\u00e4chen &#8230;<\/figcaption><\/figure>\n<p>Es regnet, aber das macht uns nix aus, wir klettern und staunen. Zur\u00fcck geht es durch einen M\u00e4rchenwald, da kreuzt ein Feuersalamander unseren Weg. Weiter geht es an einem Knusperh\u00e4uschen mit lauter Zwergen vorbei, zum Womo.<\/p>\n<figure id=\"attachment_1262\" aria-describedby=\"caption-attachment-1262\" style=\"width: 300px\" class=\"wp-caption alignnone\"><a href=\"https:\/\/www.simonis.co.at\/wordpress\/wp-content\/uploads\/DSCF6554.jpg\"><img loading=\"lazy\" decoding=\"async\" class=\"wp-image-1262 size-medium\" src=\"https:\/\/www.simonis.co.at\/wordpress\/wp-content\/uploads\/DSCF6554-300x169.jpg\" alt=\"DSCF6554\" width=\"300\" height=\"169\" srcset=\"https:\/\/www.simonis.co.at\/wordpress\/wp-content\/uploads\/DSCF6554-300x169.jpg 300w, https:\/\/www.simonis.co.at\/wordpress\/wp-content\/uploads\/DSCF6554.jpg 1024w\" sizes=\"auto, (max-width: 300px) 100vw, 300px\" \/><\/a><figcaption id=\"caption-attachment-1262\" class=\"wp-caption-text\">Der Feuersalamander l\u00e4sst sich nicht aus der Ruhe bringen &#8230;<\/figcaption><\/figure>\n<figure id=\"attachment_1260\" aria-describedby=\"caption-attachment-1260\" style=\"width: 300px\" class=\"wp-caption alignnone\"><a href=\"https:\/\/www.simonis.co.at\/wordpress\/wp-content\/uploads\/DSCF6558.jpg\"><img loading=\"lazy\" decoding=\"async\" class=\"size-medium wp-image-1260\" src=\"https:\/\/www.simonis.co.at\/wordpress\/wp-content\/uploads\/DSCF6558-300x168.jpg\" alt=\"Das Knusperh\u00e4uschen ...\" width=\"300\" height=\"168\" srcset=\"https:\/\/www.simonis.co.at\/wordpress\/wp-content\/uploads\/DSCF6558-300x168.jpg 300w, https:\/\/www.simonis.co.at\/wordpress\/wp-content\/uploads\/DSCF6558.jpg 1024w\" sizes=\"auto, (max-width: 300px) 100vw, 300px\" \/><\/a><figcaption id=\"caption-attachment-1260\" class=\"wp-caption-text\">Das Knusperh\u00e4uschen &#8230;<\/figcaption><\/figure>\n<figure id=\"attachment_1117\" aria-describedby=\"caption-attachment-1117\" style=\"width: 300px\" class=\"wp-caption alignnone\"><a href=\"https:\/\/www.simonis.co.at\/wordpress\/wp-content\/uploads\/eisenerz1_x1.jpg\"><img loading=\"lazy\" decoding=\"async\" class=\"wp-image-1117 size-medium\" src=\"https:\/\/www.simonis.co.at\/wordpress\/wp-content\/uploads\/eisenerz1_x1-300x126.jpg\" alt=\"eisenerz1_x\" width=\"300\" height=\"126\" srcset=\"https:\/\/www.simonis.co.at\/wordpress\/wp-content\/uploads\/eisenerz1_x1-300x126.jpg 300w, https:\/\/www.simonis.co.at\/wordpress\/wp-content\/uploads\/eisenerz1_x1.jpg 1024w\" sizes=\"auto, (max-width: 300px) 100vw, 300px\" \/><\/a><figcaption id=\"caption-attachment-1117\" class=\"wp-caption-text\">&#8230; mit den 11 Zwergen &#8230;<\/figcaption><\/figure>\n<p>Wir erklimmen unser Schnecki\u00a0und fahren Richtung Eisenerz, wo wir sp\u00e4t abends ankommen. Nach einem guten Abendessen fallen wir m\u00fcde in die Federn und freuen uns auf den n\u00e4chsten Morgen.<\/p>\n<p><strong>Sonntag, 4. Mai 2014<\/strong> (Eisenerz &#8211; Perchtoldsdorf):<\/p>\n<p>Am n\u00e4chsten Morgen spazieren wir nach einem ausgiebigem Fr\u00fchst\u00fcck \u00fcber zum Schaubergwerk und buchen die Hauli- und die Bergwerks-Tour.<\/p>\n<figure id=\"attachment_1348\" aria-describedby=\"caption-attachment-1348\" style=\"width: 300px\" class=\"wp-caption alignnone\"><a href=\"https:\/\/www.simonis.co.at\/wordpress\/wp-content\/uploads\/DSCF6594.jpg\"><img loading=\"lazy\" decoding=\"async\" class=\"size-medium wp-image-1348\" src=\"https:\/\/www.simonis.co.at\/wordpress\/wp-content\/uploads\/DSCF6594-300x120.jpg\" alt=\"Auf dem Parkplatz \u00fcbernachtet ... \" width=\"300\" height=\"120\" srcset=\"https:\/\/www.simonis.co.at\/wordpress\/wp-content\/uploads\/DSCF6594-300x120.jpg 300w, https:\/\/www.simonis.co.at\/wordpress\/wp-content\/uploads\/DSCF6594.jpg 1024w\" sizes=\"auto, (max-width: 300px) 100vw, 300px\" \/><\/a><figcaption id=\"caption-attachment-1348\" class=\"wp-caption-text\">Auf dem Parkplatz \u00fcbernachtet &#8230;<\/figcaption><\/figure>\n<p>Wir sind sehr gespannt und werden nicht entt\u00e4uscht. Zuerst wird jeder Passagier mit gelbem Sturzhelm und Segeltuchjacke ausstaffiert. Nach dem Fotoshooting geht es mit dem &#8222;gr\u00f6\u00dften Taxi der Welt&#8220; in den Tagbau der Eisenerz.<\/p>\n<figure id=\"attachment_1310\" aria-describedby=\"caption-attachment-1310\" style=\"width: 300px\" class=\"wp-caption alignnone\"><a href=\"https:\/\/www.simonis.co.at\/wordpress\/wp-content\/uploads\/DSCF6718.jpg\"><img loading=\"lazy\" decoding=\"async\" class=\"wp-image-1310 size-medium\" src=\"https:\/\/www.simonis.co.at\/wordpress\/wp-content\/uploads\/DSCF6718-300x169.jpg\" alt=\"Eigengewicht 55t und Nutzlast 77t \" width=\"300\" height=\"169\" srcset=\"https:\/\/www.simonis.co.at\/wordpress\/wp-content\/uploads\/DSCF6718-300x169.jpg 300w, https:\/\/www.simonis.co.at\/wordpress\/wp-content\/uploads\/DSCF6718.jpg 1024w\" sizes=\"auto, (max-width: 300px) 100vw, 300px\" \/><\/a><figcaption id=\"caption-attachment-1310\" class=\"wp-caption-text\">Eigengewicht 55t und Nutzlast 77t<\/figcaption><\/figure>\n<figure id=\"attachment_1344\" aria-describedby=\"caption-attachment-1344\" style=\"width: 300px\" class=\"wp-caption alignnone\"><a href=\"https:\/\/www.simonis.co.at\/wordpress\/wp-content\/uploads\/DSCF6626.jpg\"><img loading=\"lazy\" decoding=\"async\" class=\"wp-image-1344 size-medium\" src=\"https:\/\/www.simonis.co.at\/wordpress\/wp-content\/uploads\/DSCF6626-300x168.jpg\" alt=\"... Fotoshooting ...\" width=\"300\" height=\"168\" srcset=\"https:\/\/www.simonis.co.at\/wordpress\/wp-content\/uploads\/DSCF6626-300x168.jpg 300w, https:\/\/www.simonis.co.at\/wordpress\/wp-content\/uploads\/DSCF6626.jpg 1024w\" sizes=\"auto, (max-width: 300px) 100vw, 300px\" \/><\/a><figcaption id=\"caption-attachment-1344\" class=\"wp-caption-text\">&#8230; Fotoshooting &#8230;<\/figcaption><\/figure>\n<p>Wir schaukeln hoch \u00fcber dem Boden auf 2,6m gro\u00dfen Reifen\u00a0die Stra\u00dfen entlang mitten ins Erzabbaugebiet, fotografieren und schauen. Das ist ein tolles Erlebnis. Danach geht es weiter mit einer kleinen Bahn, 1,5km tief ins Bergwerk, das 1986 stillgelegt wurde und zu einem Schaubergwerk umgebaut wurde. Hier ist es sehr k\u00fchl, wir wandern durch die Stollen, lauschen den Worten der F\u00fchrerin und entdecken den Wassermann in einem T\u00fcmpel.<\/p>\n<figure id=\"attachment_1319\" aria-describedby=\"caption-attachment-1319\" style=\"width: 300px\" class=\"wp-caption alignnone\"><a href=\"https:\/\/www.simonis.co.at\/wordpress\/wp-content\/uploads\/DSCF6693.jpg\"><img loading=\"lazy\" decoding=\"async\" class=\"size-medium wp-image-1319\" src=\"https:\/\/www.simonis.co.at\/wordpress\/wp-content\/uploads\/DSCF6693-300x169.jpg\" alt=\"... der Wassermann von der Eisenerz\" width=\"300\" height=\"169\" srcset=\"https:\/\/www.simonis.co.at\/wordpress\/wp-content\/uploads\/DSCF6693-300x169.jpg 300w, https:\/\/www.simonis.co.at\/wordpress\/wp-content\/uploads\/DSCF6693.jpg 1024w\" sizes=\"auto, (max-width: 300px) 100vw, 300px\" \/><\/a><figcaption id=\"caption-attachment-1319\" class=\"wp-caption-text\">&#8230; der Wassermann von der Eisenerz<\/figcaption><\/figure>\n<p>Nach einer Stunde ist uns ziemlich kalt, und endlich geht es wieder zur\u00fcck ans Tageslicht! Schnell ins WoMo, die Heizung aufgedreht und bei einem hei\u00dfen Tee und Omlette wird uns wieder warm. Gest\u00e4rkt treten wir am fr\u00fchen nachmittag die Heimreise an. Pamina \u00fcbernimmt\u00a0das Steuer und meint: &#8222;Ich habe mir schon gedacht, dass mir WoMo Fahren Freude bereiten wird, aber dass man dabei in so kurzer Zeit so viel Neues entdecken und sehen kann, das habe ich nicht gewu\u00dft. Au\u00dferdem macht es ur-Spa\u00df damit herumzufahren!&#8220;<\/p>\n<figure id=\"attachment_1305\" aria-describedby=\"caption-attachment-1305\" style=\"width: 300px\" class=\"wp-caption alignnone\"><a href=\"https:\/\/www.simonis.co.at\/wordpress\/wp-content\/uploads\/DSCF6729.jpg\"><img loading=\"lazy\" decoding=\"async\" class=\"wp-image-1305 size-medium\" src=\"https:\/\/www.simonis.co.at\/wordpress\/wp-content\/uploads\/DSCF6729-300x168.jpg\" alt=\"DSCF6729\" width=\"300\" height=\"168\" srcset=\"https:\/\/www.simonis.co.at\/wordpress\/wp-content\/uploads\/DSCF6729-300x168.jpg 300w, https:\/\/www.simonis.co.at\/wordpress\/wp-content\/uploads\/DSCF6729.jpg 1024w\" sizes=\"auto, (max-width: 300px) 100vw, 300px\" \/><\/a><figcaption id=\"caption-attachment-1305\" class=\"wp-caption-text\">Pamina im Cockpit<\/figcaption><\/figure>\n<p>Gem\u00fctlich fahren wir zur\u00fcck nach Hause und freuen uns auf unseren n\u00e4chsten Ausflug mit Schnecki.<\/p>\n","protected":false},"excerpt":{"rendered":"<p><a class=\"read-more\" href=\"https:\/\/www.simonis.co.at\/wordpress\/unsere-reisen\/maerchenwald-und-wassermann\/\">Read more<\/a><\/p>\n","protected":false},"author":1,"featured_media":1221,"parent":2410,"menu_order":0,"comment_status":"closed","ping_status":"open","template":"","meta":{"footnotes":""},"class_list":["post-1142","page","type-page","status-publish","has-post-thumbnail","hentry"],"_links":{"self":[{"href":"https:\/\/www.simonis.co.at\/wordpress\/wp-json\/wp\/v2\/pages\/1142","targetHints":{"allow":["GET"]}}],"collection":[{"href":"https:\/\/www.simonis.co.at\/wordpress\/wp-json\/wp\/v2\/pages"}],"about":[{"href":"https:\/\/www.simonis.co.at\/wordpress\/wp-json\/wp\/v2\/types\/page"}],"author":[{"embeddable":true,"href":"https:\/\/www.simonis.co.at\/wordpress\/wp-json\/wp\/v2\/users\/1"}],"replies":[{"embeddable":true,"href":"https:\/\/www.simonis.co.at\/wordpress\/wp-json\/wp\/v2\/comments?post=1142"}],"version-history":[{"count":7,"href":"https:\/\/www.simonis.co.at\/wordpress\/wp-json\/wp\/v2\/pages\/1142\/revisions"}],"predecessor-version":[{"id":3238,"href":"https:\/\/www.simonis.co.at\/wordpress\/wp-json\/wp\/v2\/pages\/1142\/revisions\/3238"}],"up":[{"embeddable":true,"href":"https:\/\/www.simonis.co.at\/wordpress\/wp-json\/wp\/v2\/pages\/2410"}],"wp:featuredmedia":[{"embeddable":true,"href":"https:\/\/www.simonis.co.at\/wordpress\/wp-json\/wp\/v2\/media\/1221"}],"wp:attachment":[{"href":"https:\/\/www.simonis.co.at\/wordpress\/wp-json\/wp\/v2\/media?parent=1142"}],"curies":[{"name":"wp","href":"https:\/\/api.w.org\/{rel}","templated":true}]}}